{"id":2691,"date":"2022-07-06T17:59:41","date_gmt":"2022-07-06T17:59:41","guid":{"rendered":"https:\/\/emkamf.es\/EN\/?page_id=2691"},"modified":"2022-07-06T18:12:09","modified_gmt":"2022-07-06T18:12:09","slug":"technical-fiche","status":"publish","type":"page","link":"https:\/\/emkamf.es\/EN\/technical-fiche\/","title":{"rendered":"TECHNICAL FICHE"},"content":{"rendered":"<p><div class=\"fusion-fullwidth fullwidth-box fusion-builder-row-1 fusion-flex-container nonhundred-percent-fullwidth non-hundred-percent-height-scrolling\" style=\"background-color: #ffffff;background-position: center center;background-repeat: no-repeat;border-width: 0px 0px 0px 0px;border-color:#eae9e9;border-style:solid;\" ><div class=\"fusion-builder-row fusion-row fusion-flex-align-items-flex-start fusion-flex-justify-content-center\" style=\"max-width:1144px;margin-left: calc(-4% \/ 2 );margin-right: calc(-4% \/ 2 );\"><div class=\"fusion-layout-column fusion_builder_column fusion-builder-column-0 fusion_builder_column_1_1 1_1 fusion-flex-column fusion-column-inner-bg-wrapper\"><div class=\"fusion-column-wrapper fusion-flex-justify-content-flex-start fusion-content-layout-column\" style=\"padding: 0px 0px 0px 0px;\"><div style=\"text-align:center;\"><style>.fusion-imageframe.imageframe-1{ margin-top : 20px;margin-right : 20px;margin-bottom : 20px;margin-left : 20px;}<\/style><span class=\" fusion-imageframe imageframe-none imageframe-1 hover-type-none\"><img decoding=\"async\" width=\"151\" height=\"98\" alt=\"Logo Emka\" title=\"LOGOTIPO EMKA COLOR stiky\" src=\"data:image\/svg+xml,%3Csvg%20xmlns%3D%27http%3A%2F%2Fwww.w3.org%2F2000%2Fsvg%27%20width%3D%27151%27%20height%3D%2798%27%20viewBox%3D%270%200%20151%2098%27%3E%3Crect%20width%3D%27151%27%20height%3D%2798%27%20fill-opacity%3D%220%22%2F%3E%3C%2Fsvg%3E\" data-orig-src=\"https:\/\/emkamf.es\/EN\/wp-content\/uploads\/2021\/06\/LOGOTIPO-EMKA-COLOR-stiky.png\" class=\"lazyload img-responsive wp-image-2100\"\/><\/span><\/div><div class=\"fusion-text fusion-text-1 fusion-animated\" data-animationType=\"fadeInLeft\" data-animationDuration=\"1.0\" data-animationOffset=\"top-into-view\"><h2 style=\"text-align: center;\">Download all the technical fiche for our available Classphere models here.<\/h2>\n<\/div><\/div><span class=\"fusion-column-inner-bg hover-type-zoomin\"><span class=\"fusion-column-anchor\"><span class=\"fusion-column-inner-bg-image\" style=\"background-position:left top;background-repeat:no-repeat;-webkit-background-size:cover;-moz-background-size:cover;-o-background-size:cover;background-size:cover;\"><\/span><\/span><\/span><style type=\"text\/css\">.fusion-body .fusion-builder-column-0{width:100% !important;margin-top : 0px;margin-bottom : 20px;}.fusion-builder-column-0 > .fusion-column-wrapper {padding-top : 0px !important;padding-right : 0px !important;margin-right : 1.92%;padding-bottom : 0px !important;padding-left : 0px !important;margin-left : 1.92%;}.fusion-flex-container .fusion-row .fusion-builder-column-0 > .fusion-column-inner-bg { margin-right:1.92%;margin-left:1.92%; }@media only screen and (max-width:800px) {.fusion-body .fusion-builder-column-0{width:100% !important;order : 0;}.fusion-builder-column-0 > .fusion-column-wrapper {margin-right : 1.92%;margin-left : 1.92%;}.fusion-flex-container .fusion-row .fusion-builder-column-0 > .fusion-column-inner-bg { margin-right:1.92%;margin-left:1.92%; }}@media only screen and (max-width:640px) {.fusion-body .fusion-builder-column-0{width:100% !important;order : 0;}.fusion-builder-column-0 > .fusion-column-wrapper {margin-right : 1.92%;margin-left : 1.92%;}.fusion-flex-container .fusion-row .fusion-builder-column-0 > .fusion-column-inner-bg { margin-right:1.92%;margin-left:1.92%; }}<\/style><\/div><\/div><style type=\"text\/css\">.fusion-body .fusion-flex-container.fusion-builder-row-1{ padding-top : 0px;margin-top : 0px;padding-right : 0px;padding-bottom : 0px;margin-bottom : 0px;padding-left : 0px;}<\/style><\/div><div class=\"fusion-fullwidth fullwidth-box fusion-builder-row-2 fusion-flex-container nonhundred-percent-fullwidth non-hundred-percent-height-scrolling\" style=\"background-color: #f0b41c;background-position: center center;background-repeat: no-repeat;border-width: 0px 0px 0px 0px;border-color:#eae9e9;border-style:solid;\" ><div class=\"fusion-builder-row fusion-row fusion-flex-align-items-center fusion-flex-align-content-center fusion-flex-justify-content-center\" style=\"max-width:1144px;margin-left: calc(-4% \/ 2 );margin-right: calc(-4% \/ 2 );\"><div class=\"fusion-layout-column fusion_builder_column fusion-builder-column-1 fusion_builder_column_1_1 1_1 fusion-flex-column fusion-flex-align-self-center fusion-column-inner-bg-wrapper\"><div class=\"fusion-column-wrapper fusion-flex-justify-content-center fusion-content-layout-column\" style=\"padding: 0px 0px 0px 0px;\"><div class=\"fusion-text fusion-text-2 fusion-animated\" style=\"text-align:center;\" data-animationType=\"fadeInLeft\" data-animationDuration=\"1.0\" data-animationOffset=\"top-into-view\"><h1><span style=\"color: #ffffff; text-transform: uppercase;\">Technical Fiche<\/span><\/h1>\n<\/div><\/div><span class=\"fusion-column-inner-bg hover-type-zoomin\"><span class=\"fusion-column-anchor\"><span class=\"fusion-column-inner-bg-image\" style=\"background-position:left top;background-repeat:no-repeat;-webkit-background-size:cover;-moz-background-size:cover;-o-background-size:cover;background-size:cover;\"><\/span><\/span><\/span><style type=\"text\/css\">.fusion-body .fusion-builder-column-1{width:100% !important;margin-top : 20px;margin-bottom : 20px;}.fusion-builder-column-1 > .fusion-column-wrapper {padding-top : 0px !important;padding-right : 0px !important;margin-right : 1.92%;padding-bottom : 0px !important;padding-left : 0px !important;margin-left : 1.92%;}.fusion-flex-container .fusion-row .fusion-builder-column-1 > .fusion-column-inner-bg { margin-right:1.92%;margin-left:1.92%; }@media only screen and (max-width:800px) {.fusion-body .fusion-builder-column-1{width:100% !important;order : 0;}.fusion-builder-column-1 > .fusion-column-wrapper {margin-right : 1.92%;margin-left : 1.92%;}.fusion-flex-container .fusion-row .fusion-builder-column-1 > .fusion-column-inner-bg { margin-right:1.92%;margin-left:1.92%; }}@media only screen and (max-width:640px) {.fusion-body .fusion-builder-column-1{width:100% !important;order : 0;}.fusion-builder-column-1 > .fusion-column-wrapper {margin-right : 1.92%;margin-left : 1.92%;}.fusion-flex-container .fusion-row .fusion-builder-column-1 > .fusion-column-inner-bg { margin-right:1.92%;margin-left:1.92%; }}<\/style><\/div><\/div><style type=\"text\/css\">.fusion-body .fusion-flex-container.fusion-builder-row-2{ padding-top : 0px;margin-top : 0;padding-right : 0px;padding-bottom : 0px;margin-bottom : 0;padding-left : 0px;}<\/style><\/div><div class=\"fusion-fullwidth fullwidth-box fusion-builder-row-3 fusion-flex-container hundred-percent-fullwidth non-hundred-percent-height-scrolling\" style=\"background-color: #ffffff;background-position: center center;background-repeat: no-repeat;border-width: 0px 0px 0px 0px;border-color:#eae9e9;border-style:solid;\" ><div class=\"fusion-builder-row fusion-row fusion-flex-align-items-flex-start\" style=\"width:104% !important;max-width:104% !important;margin-left: calc(-4% \/ 2 );margin-right: calc(-4% \/ 2 );\"><div class=\"fusion-layout-column fusion_builder_column fusion-builder-column-2 fusion_builder_column_1_4 1_4 fusion-flex-column\"><div class=\"fusion-column-wrapper fusion-flex-justify-content-flex-start fusion-content-layout-column\" style=\"background-position:left top;background-repeat:no-repeat;-webkit-background-size:cover;-moz-background-size:cover;-o-background-size:cover;background-size:cover;padding: 0px 0px 0px 0px;\"><div ><span class=\" fusion-imageframe imageframe-none imageframe-2 hover-type-none\"><a class=\"fusion-no-lightbox\" href=\"https:\/\/emkamf.es\/EN\/wp-content\/uploads\/pdf\/TF-HRU200H-EN-Technical-fiche-Classphere-2H.pdf\" target=\"_blank\" aria-label=\"Technical fiche Classphere 2H\" rel=\"noopener noreferrer\"><img decoding=\"async\" width=\"720\" height=\"1040\" alt=\"Technical-fiche-Classphere-2H\" src=\"https:\/\/emkamf.es\/EN\/wp-content\/uploads\/2022\/07\/Technical-fiche-Classphere-2H.png\" data-orig-src=\"https:\/\/emkamf.es\/EN\/wp-content\/uploads\/2022\/07\/Technical-fiche-Classphere-2H.png\" class=\"lazyload img-responsive wp-image-2696\" srcset=\"data:image\/svg+xml,%3Csvg%20xmlns%3D%27http%3A%2F%2Fwww.w3.org%2F2000%2Fsvg%27%20width%3D%27720%27%20height%3D%271040%27%20viewBox%3D%270%200%20720%201040%27%3E%3Crect%20width%3D%27720%27%20height%3D%271040%27%20fill-opacity%3D%220%22%2F%3E%3C%2Fsvg%3E\" data-srcset=\"https:\/\/emkamf.es\/EN\/wp-content\/uploads\/2022\/07\/Technical-fiche-Classphere-2H-200x289.png 200w, https:\/\/emkamf.es\/EN\/wp-content\/uploads\/2022\/07\/Technical-fiche-Classphere-2H-400x578.png 400w, https:\/\/emkamf.es\/EN\/wp-content\/uploads\/2022\/07\/Technical-fiche-Classphere-2H-600x867.png 600w, https:\/\/emkamf.es\/EN\/wp-content\/uploads\/2022\/07\/Technical-fiche-Classphere-2H.png 720w\" data-sizes=\"auto\" data-orig-sizes=\"(max-width: 800px) 100vw, (max-width: 640px) 100vw, 400px\" \/><\/a><\/span><\/div><div style=\"text-align:center;\"><style>.fusion-body .fusion-button.button-1{border-radius:0px 0px 0px 0px;}<\/style><a class=\"fusion-button button-flat fusion-button-default-size button-default button-1 fusion-button-default-span fusion-button-default-type\" target=\"_blank\" rel=\"noopener noreferrer\" href=\"https:\/\/emkamf.es\/EN\/wp-content\/uploads\/pdf\/TF-HRU200H-EN-Technical-fiche-Classphere-2H.pdf\" style=\"margin-top:4%;\"><span class=\"fusion-button-text\">DOWNLOAD TECHNICAL FICHE<\/span><\/a><\/div><\/div><style type=\"text\/css\">.fusion-body .fusion-builder-column-2{width:25% !important;margin-top : 0px;margin-bottom : 20px;}.fusion-builder-column-2 > .fusion-column-wrapper {padding-top : 0px !important;padding-right : 0px !important;margin-right : 7.68%;padding-bottom : 0px !important;padding-left : 0px !important;margin-left : 7.68%;}@media only screen and (max-width:800px) {.fusion-body .fusion-builder-column-2{width:100% !important;order : 0;}.fusion-builder-column-2 > .fusion-column-wrapper {margin-right : 1.92%;margin-left : 1.92%;}}@media only screen and (max-width:640px) {.fusion-body .fusion-builder-column-2{width:100% !important;order : 0;}.fusion-builder-column-2 > .fusion-column-wrapper {margin-right : 1.92%;margin-left : 1.92%;}}<\/style><\/div><div class=\"fusion-layout-column fusion_builder_column fusion-builder-column-3 fusion_builder_column_1_4 1_4 fusion-flex-column\"><div class=\"fusion-column-wrapper fusion-flex-justify-content-flex-start fusion-content-layout-column\" style=\"background-position:left top;background-repeat:no-repeat;-webkit-background-size:cover;-moz-background-size:cover;-o-background-size:cover;background-size:cover;padding: 0px 0px 0px 0px;\"><div ><span class=\" fusion-imageframe imageframe-none imageframe-3 hover-type-none\"><a class=\"fusion-no-lightbox\" href=\"https:\/\/emkamf.es\/EN\/wp-content\/uploads\/pdf\/TF-HRU200V-EN-Technical-fiche-Classphere-2V.pdf\" target=\"_blank\" aria-label=\"Technical fiche Classphere 2V\" rel=\"noopener noreferrer\"><img decoding=\"async\" width=\"720\" height=\"1040\" alt=\"Technical-fiche-Classphere-2V\" src=\"https:\/\/emkamf.es\/EN\/wp-content\/uploads\/2022\/07\/Technical-fiche-Classphere-2V.png\" data-orig-src=\"https:\/\/emkamf.es\/EN\/wp-content\/uploads\/2022\/07\/Technical-fiche-Classphere-2V.png\" class=\"lazyload img-responsive wp-image-2697\" srcset=\"data:image\/svg+xml,%3Csvg%20xmlns%3D%27http%3A%2F%2Fwww.w3.org%2F2000%2Fsvg%27%20width%3D%27720%27%20height%3D%271040%27%20viewBox%3D%270%200%20720%201040%27%3E%3Crect%20width%3D%27720%27%20height%3D%271040%27%20fill-opacity%3D%220%22%2F%3E%3C%2Fsvg%3E\" data-srcset=\"https:\/\/emkamf.es\/EN\/wp-content\/uploads\/2022\/07\/Technical-fiche-Classphere-2V-200x289.png 200w, https:\/\/emkamf.es\/EN\/wp-content\/uploads\/2022\/07\/Technical-fiche-Classphere-2V-400x578.png 400w, https:\/\/emkamf.es\/EN\/wp-content\/uploads\/2022\/07\/Technical-fiche-Classphere-2V-600x867.png 600w, https:\/\/emkamf.es\/EN\/wp-content\/uploads\/2022\/07\/Technical-fiche-Classphere-2V.png 720w\" data-sizes=\"auto\" data-orig-sizes=\"(max-width: 800px) 100vw, (max-width: 640px) 100vw, 400px\" \/><\/a><\/span><\/div><div style=\"text-align:center;\"><style>.fusion-body .fusion-button.button-2{border-radius:0px 0px 0px 0px;}<\/style><a class=\"fusion-button button-flat fusion-button-default-size button-default button-2 fusion-button-default-span fusion-button-default-type\" target=\"_blank\" rel=\"noopener noreferrer\" href=\"https:\/\/emkamf.es\/EN\/wp-content\/uploads\/pdf\/TF-HRU200V-EN-Technical-fiche-Classphere-2V.pdf\" style=\"margin-top:4%;\"><span class=\"fusion-button-text\">DOWNLOAD TECHNICAL FICHE<\/span><\/a><\/div><\/div><style type=\"text\/css\">.fusion-body .fusion-builder-column-3{width:25% !important;margin-top : 0px;margin-bottom : 20px;}.fusion-builder-column-3 > .fusion-column-wrapper {padding-top : 0px !important;padding-right : 0px !important;margin-right : 7.68%;padding-bottom : 0px !important;padding-left : 0px !important;margin-left : 7.68%;}@media only screen and (max-width:800px) {.fusion-body .fusion-builder-column-3{width:100% !important;order : 0;}.fusion-builder-column-3 > .fusion-column-wrapper {margin-right : 1.92%;margin-left : 1.92%;}}@media only screen and (max-width:640px) {.fusion-body .fusion-builder-column-3{width:100% !important;order : 0;}.fusion-builder-column-3 > .fusion-column-wrapper {margin-right : 1.92%;margin-left : 1.92%;}}<\/style><\/div><div class=\"fusion-layout-column fusion_builder_column fusion-builder-column-4 fusion_builder_column_1_4 1_4 fusion-flex-column\"><div class=\"fusion-column-wrapper fusion-flex-justify-content-flex-start fusion-content-layout-column\" style=\"background-position:left top;background-repeat:no-repeat;-webkit-background-size:cover;-moz-background-size:cover;-o-background-size:cover;background-size:cover;padding: 0px 0px 0px 0px;\"><div ><span class=\" fusion-imageframe imageframe-none imageframe-4 hover-type-none\"><a class=\"fusion-no-lightbox\" href=\"https:\/\/emkamf.es\/EN\/wp-content\/uploads\/pdf\/TF-HRU300H-EN-Technical-fiche-Classphere-3H.pdf\" target=\"_blank\" aria-label=\"Technical fiche Classphere 3H\" rel=\"noopener noreferrer\"><img decoding=\"async\" width=\"720\" height=\"1040\" alt=\"Technical-fiche-Classphere-3H\" src=\"https:\/\/emkamf.es\/EN\/wp-content\/uploads\/2022\/07\/Technical-fiche-Classphere-3H.png\" data-orig-src=\"https:\/\/emkamf.es\/EN\/wp-content\/uploads\/2022\/07\/Technical-fiche-Classphere-3H.png\" class=\"lazyload img-responsive wp-image-2698\" srcset=\"data:image\/svg+xml,%3Csvg%20xmlns%3D%27http%3A%2F%2Fwww.w3.org%2F2000%2Fsvg%27%20width%3D%27720%27%20height%3D%271040%27%20viewBox%3D%270%200%20720%201040%27%3E%3Crect%20width%3D%27720%27%20height%3D%271040%27%20fill-opacity%3D%220%22%2F%3E%3C%2Fsvg%3E\" data-srcset=\"https:\/\/emkamf.es\/EN\/wp-content\/uploads\/2022\/07\/Technical-fiche-Classphere-3H-200x289.png 200w, https:\/\/emkamf.es\/EN\/wp-content\/uploads\/2022\/07\/Technical-fiche-Classphere-3H-400x578.png 400w, https:\/\/emkamf.es\/EN\/wp-content\/uploads\/2022\/07\/Technical-fiche-Classphere-3H-600x867.png 600w, https:\/\/emkamf.es\/EN\/wp-content\/uploads\/2022\/07\/Technical-fiche-Classphere-3H.png 720w\" data-sizes=\"auto\" data-orig-sizes=\"(max-width: 800px) 100vw, (max-width: 640px) 100vw, 400px\" \/><\/a><\/span><\/div><div style=\"text-align:center;\"><style>.fusion-body .fusion-button.button-3{border-radius:0px 0px 0px 0px;}<\/style><a class=\"fusion-button button-flat fusion-button-default-size button-default button-3 fusion-button-default-span fusion-button-default-type\" target=\"_blank\" rel=\"noopener noreferrer\" href=\"https:\/\/emkamf.es\/EN\/wp-content\/uploads\/pdf\/TF-HRU300H-EN-Technical-fiche-Classphere-3H.pdf\" style=\"margin-top:4%;\"><span class=\"fusion-button-text\">DOWNLOAD TECHNICAL FICHE<\/span><\/a><\/div><\/div><style type=\"text\/css\">.fusion-body .fusion-builder-column-4{width:25% !important;margin-top : 0px;margin-bottom : 20px;}.fusion-builder-column-4 > .fusion-column-wrapper {padding-top : 0px !important;padding-right : 0px !important;margin-right : 7.68%;padding-bottom : 0px !important;padding-left : 0px !important;margin-left : 7.68%;}@media only screen and (max-width:800px) {.fusion-body .fusion-builder-column-4{width:100% !important;order : 0;}.fusion-builder-column-4 > .fusion-column-wrapper {margin-right : 1.92%;margin-left : 1.92%;}}@media only screen and (max-width:640px) {.fusion-body .fusion-builder-column-4{width:100% !important;order : 0;}.fusion-builder-column-4 > .fusion-column-wrapper {margin-right : 1.92%;margin-left : 1.92%;}}<\/style><\/div><div class=\"fusion-layout-column fusion_builder_column fusion-builder-column-5 fusion_builder_column_1_4 1_4 fusion-flex-column\"><div class=\"fusion-column-wrapper fusion-flex-justify-content-flex-start fusion-content-layout-column\" style=\"background-position:left top;background-repeat:no-repeat;-webkit-background-size:cover;-moz-background-size:cover;-o-background-size:cover;background-size:cover;padding: 0px 0px 0px 0px;\"><div ><span class=\" fusion-imageframe imageframe-none imageframe-5 hover-type-none\"><a class=\"fusion-no-lightbox\" href=\"https:\/\/emkamf.es\/EN\/wp-content\/uploads\/pdf\/TF-HRU300V-EN-Technical-fiche-Classphere-3V.pdf\" target=\"_blank\" aria-label=\"Technical fiche Classphere 3V\" rel=\"noopener noreferrer\"><img decoding=\"async\" width=\"720\" height=\"1040\" alt=\"Technical-fiche-Classphere-3V\" src=\"https:\/\/emkamf.es\/EN\/wp-content\/uploads\/2022\/07\/Technical-fiche-Classphere-3V.png\" data-orig-src=\"https:\/\/emkamf.es\/EN\/wp-content\/uploads\/2022\/07\/Technical-fiche-Classphere-3V.png\" class=\"lazyload img-responsive wp-image-2699\" srcset=\"data:image\/svg+xml,%3Csvg%20xmlns%3D%27http%3A%2F%2Fwww.w3.org%2F2000%2Fsvg%27%20width%3D%27720%27%20height%3D%271040%27%20viewBox%3D%270%200%20720%201040%27%3E%3Crect%20width%3D%27720%27%20height%3D%271040%27%20fill-opacity%3D%220%22%2F%3E%3C%2Fsvg%3E\" data-srcset=\"https:\/\/emkamf.es\/EN\/wp-content\/uploads\/2022\/07\/Technical-fiche-Classphere-3V-200x289.png 200w, https:\/\/emkamf.es\/EN\/wp-content\/uploads\/2022\/07\/Technical-fiche-Classphere-3V-400x578.png 400w, https:\/\/emkamf.es\/EN\/wp-content\/uploads\/2022\/07\/Technical-fiche-Classphere-3V-600x867.png 600w, https:\/\/emkamf.es\/EN\/wp-content\/uploads\/2022\/07\/Technical-fiche-Classphere-3V.png 720w\" data-sizes=\"auto\" data-orig-sizes=\"(max-width: 800px) 100vw, (max-width: 640px) 100vw, 400px\" \/><\/a><\/span><\/div><div style=\"text-align:center;\"><style>.fusion-body .fusion-button.button-4{border-radius:0px 0px 0px 0px;}<\/style><a class=\"fusion-button button-flat fusion-button-default-size button-default button-4 fusion-button-default-span fusion-button-default-type\" target=\"_blank\" rel=\"noopener noreferrer\" href=\"https:\/\/emkamf.es\/EN\/wp-content\/uploads\/pdf\/TF-HRU300V-EN-Technical-fiche-Classphere-3V.pdf\" style=\"margin-top:4%;\"><span class=\"fusion-button-text\">DOWNLOAD TECHNICAL FICHE<\/span><\/a><\/div><\/div><style type=\"text\/css\">.fusion-body .fusion-builder-column-5{width:25% !important;margin-top : 0px;margin-bottom : 20px;}.fusion-builder-column-5 > .fusion-column-wrapper {padding-top : 0px !important;padding-right : 0px !important;margin-right : 7.68%;padding-bottom : 0px !important;padding-left : 0px !important;margin-left : 7.68%;}@media only screen and (max-width:800px) {.fusion-body .fusion-builder-column-5{width:100% !important;order : 0;}.fusion-builder-column-5 > .fusion-column-wrapper {margin-right : 1.92%;margin-left : 1.92%;}}@media only screen and (max-width:640px) {.fusion-body .fusion-builder-column-5{width:100% !important;order : 0;}.fusion-builder-column-5 > .fusion-column-wrapper {margin-right : 1.92%;margin-left : 1.92%;}}<\/style><\/div><\/div><style type=\"text\/css\">.fusion-body .fusion-flex-container.fusion-builder-row-3{ padding-top : 20px;margin-top : 0px;padding-right : 0px;padding-bottom : 0px;margin-bottom : 0px;padding-left : 0px;}<\/style><\/div><\/p>\n","protected":false},"excerpt":{"rendered":"","protected":false},"author":1,"featured_media":0,"parent":0,"menu_order":0,"comment_status":"closed","ping_status":"closed","template":"100-width.php","meta":{"footnotes":""},"class_list":["post-2691","page","type-page","status-publish","hentry"],"yoast_head":"<!-- This site is optimized with the Yoast SEO plugin v27.4 - https:\/\/yoast.com\/product\/yoast-seo-wordpress\/ -->\n<title>TECHNICAL FICHE - EMKA<\/title>\n<meta name=\"robots\" content=\"index, follow, max-snippet:-1, max-image-preview:large, max-video-preview:-1\" \/>\n<link rel=\"canonical\" href=\"https:\/\/emkamf.es\/EN\/technical-fiche\/\" \/>\n<meta property=\"og:locale\" content=\"es_ES\" \/>\n<meta property=\"og:type\" content=\"article\" \/>\n<meta property=\"og:title\" content=\"TECHNICAL FICHE - EMKA\" \/>\n<meta property=\"og:url\" content=\"https:\/\/emkamf.es\/EN\/technical-fiche\/\" \/>\n<meta property=\"og:site_name\" content=\"EMKA\" \/>\n<meta property=\"article:modified_time\" content=\"2022-07-06T18:12:09+00:00\" \/>\n<meta name=\"twitter:card\" content=\"summary_large_image\" \/>\n<meta name=\"twitter:label1\" content=\"Tiempo de lectura\" \/>\n\t<meta name=\"twitter:data1\" content=\"23 minutos\" \/>\n<script type=\"application\/ld+json\" class=\"yoast-schema-graph\">{\"@context\":\"https:\\\/\\\/schema.org\",\"@graph\":[{\"@type\":\"WebPage\",\"@id\":\"https:\\\/\\\/emkamf.es\\\/EN\\\/technical-fiche\\\/\",\"url\":\"https:\\\/\\\/emkamf.es\\\/EN\\\/technical-fiche\\\/\",\"name\":\"TECHNICAL FICHE - EMKA\",\"isPartOf\":{\"@id\":\"https:\\\/\\\/emkamf.es\\\/EN\\\/#website\"},\"datePublished\":\"2022-07-06T17:59:41+00:00\",\"dateModified\":\"2022-07-06T18:12:09+00:00\",\"breadcrumb\":{\"@id\":\"https:\\\/\\\/emkamf.es\\\/EN\\\/technical-fiche\\\/#breadcrumb\"},\"inLanguage\":\"es\",\"potentialAction\":[{\"@type\":\"ReadAction\",\"target\":[\"https:\\\/\\\/emkamf.es\\\/EN\\\/technical-fiche\\\/\"]}]},{\"@type\":\"BreadcrumbList\",\"@id\":\"https:\\\/\\\/emkamf.es\\\/EN\\\/technical-fiche\\\/#breadcrumb\",\"itemListElement\":[{\"@type\":\"ListItem\",\"position\":1,\"name\":\"Home\",\"item\":\"https:\\\/\\\/emkamf.es\\\/EN\\\/\"},{\"@type\":\"ListItem\",\"position\":2,\"name\":\"TECHNICAL FICHE\"}]},{\"@type\":\"WebSite\",\"@id\":\"https:\\\/\\\/emkamf.es\\\/EN\\\/#website\",\"url\":\"https:\\\/\\\/emkamf.es\\\/EN\\\/\",\"name\":\"EMKA\",\"description\":\"Consultor\u00eda T\u00e9cnica, Log\u00edstica y transporte\",\"potentialAction\":[{\"@type\":\"SearchAction\",\"target\":{\"@type\":\"EntryPoint\",\"urlTemplate\":\"https:\\\/\\\/emkamf.es\\\/EN\\\/?s={search_term_string}\"},\"query-input\":{\"@type\":\"PropertyValueSpecification\",\"valueRequired\":true,\"valueName\":\"search_term_string\"}}],\"inLanguage\":\"es\"}]}<\/script>\n<!-- \/ Yoast SEO plugin. -->","yoast_head_json":{"title":"TECHNICAL FICHE - EMKA","robots":{"index":"index","follow":"follow","max-snippet":"max-snippet:-1","max-image-preview":"max-image-preview:large","max-video-preview":"max-video-preview:-1"},"canonical":"https:\/\/emkamf.es\/EN\/technical-fiche\/","og_locale":"es_ES","og_type":"article","og_title":"TECHNICAL FICHE - EMKA","og_url":"https:\/\/emkamf.es\/EN\/technical-fiche\/","og_site_name":"EMKA","article_modified_time":"2022-07-06T18:12:09+00:00","twitter_card":"summary_large_image","twitter_misc":{"Tiempo de lectura":"23 minutos"},"schema":{"@context":"https:\/\/schema.org","@graph":[{"@type":"WebPage","@id":"https:\/\/emkamf.es\/EN\/technical-fiche\/","url":"https:\/\/emkamf.es\/EN\/technical-fiche\/","name":"TECHNICAL FICHE - EMKA","isPartOf":{"@id":"https:\/\/emkamf.es\/EN\/#website"},"datePublished":"2022-07-06T17:59:41+00:00","dateModified":"2022-07-06T18:12:09+00:00","breadcrumb":{"@id":"https:\/\/emkamf.es\/EN\/technical-fiche\/#breadcrumb"},"inLanguage":"es","potentialAction":[{"@type":"ReadAction","target":["https:\/\/emkamf.es\/EN\/technical-fiche\/"]}]},{"@type":"BreadcrumbList","@id":"https:\/\/emkamf.es\/EN\/technical-fiche\/#breadcrumb","itemListElement":[{"@type":"ListItem","position":1,"name":"Home","item":"https:\/\/emkamf.es\/EN\/"},{"@type":"ListItem","position":2,"name":"TECHNICAL FICHE"}]},{"@type":"WebSite","@id":"https:\/\/emkamf.es\/EN\/#website","url":"https:\/\/emkamf.es\/EN\/","name":"EMKA","description":"Consultor\u00eda T\u00e9cnica, Log\u00edstica y transporte","potentialAction":[{"@type":"SearchAction","target":{"@type":"EntryPoint","urlTemplate":"https:\/\/emkamf.es\/EN\/?s={search_term_string}"},"query-input":{"@type":"PropertyValueSpecification","valueRequired":true,"valueName":"search_term_string"}}],"inLanguage":"es"}]}},"_links":{"self":[{"href":"https:\/\/emkamf.es\/EN\/wp-json\/wp\/v2\/pages\/2691","targetHints":{"allow":["GET"]}}],"collection":[{"href":"https:\/\/emkamf.es\/EN\/wp-json\/wp\/v2\/pages"}],"about":[{"href":"https:\/\/emkamf.es\/EN\/wp-json\/wp\/v2\/types\/page"}],"author":[{"embeddable":true,"href":"https:\/\/emkamf.es\/EN\/wp-json\/wp\/v2\/users\/1"}],"replies":[{"embeddable":true,"href":"https:\/\/emkamf.es\/EN\/wp-json\/wp\/v2\/comments?post=2691"}],"version-history":[{"count":8,"href":"https:\/\/emkamf.es\/EN\/wp-json\/wp\/v2\/pages\/2691\/revisions"}],"predecessor-version":[{"id":2704,"href":"https:\/\/emkamf.es\/EN\/wp-json\/wp\/v2\/pages\/2691\/revisions\/2704"}],"wp:attachment":[{"href":"https:\/\/emkamf.es\/EN\/wp-json\/wp\/v2\/media?parent=2691"}],"curies":[{"name":"wp","href":"https:\/\/api.w.org\/{rel}","templated":true}]}}