{"id":2404,"date":"2021-07-29T18:46:45","date_gmt":"2021-07-29T18:46:45","guid":{"rendered":"https:\/\/emkamf.es\/?page_id=2404"},"modified":"2021-09-12T10:48:45","modified_gmt":"2021-09-12T10:48:45","slug":"privacy-policy","status":"publish","type":"page","link":"https:\/\/emkamf.es\/EN\/privacy-policy\/","title":{"rendered":"PRIVACY POLICY"},"content":{"rendered":"<p><div class=\"fusion-fullwidth fullwidth-box fusion-builder-row-1 fusion-flex-container hundred-percent-fullwidth non-hundred-percent-height-scrolling\" style=\"background-color: #6794c7;background-position: center center;background-repeat: no-repeat;border-width: 0px 0px 0px 0px;border-color:#eae9e9;border-style:solid;\" ><div class=\"fusion-builder-row fusion-row fusion-flex-align-items-center fusion-flex-align-content-center fusion-flex-justify-content-center\" style=\"width:104% !important;max-width:104% !important;margin-left: calc(-4% \/ 2 );margin-right: calc(-4% \/ 2 );\"><div class=\"fusion-layout-column fusion_builder_column fusion-builder-column-0 fusion_builder_column_1_1 1_1 fusion-flex-column fusion-flex-align-self-stretch\"><div class=\"fusion-column-wrapper fusion-flex-justify-content-center fusion-content-layout-column\" style=\"background-position:left top;background-repeat:no-repeat;-webkit-background-size:cover;-moz-background-size:cover;-o-background-size:cover;background-size:cover;padding: 0px 0px 0px 0px;\"><div class=\"fusion-text fusion-text-1\"><h1 style=\"text-align: center;\"><span style=\"color: #ffffff;\">PRIVACY POLICY<\/span><\/h1>\n<\/div><\/div><style type=\"text\/css\">.fusion-body .fusion-builder-column-0{width:100% !important;margin-top : 0px;margin-bottom : 0px;}.fusion-builder-column-0 > .fusion-column-wrapper {padding-top : 0px !important;padding-right : 0px !important;margin-right : 1.92%;padding-bottom : 0px !important;padding-left : 0px !important;margin-left : 1.92%;}@media only screen and (max-width:800px) {.fusion-body .fusion-builder-column-0{width:100% !important;order : 0;}.fusion-builder-column-0 > .fusion-column-wrapper {margin-right : 1.92%;margin-left : 1.92%;}}@media only screen and (max-width:640px) {.fusion-body .fusion-builder-column-0{width:100% !important;order : 0;}.fusion-builder-column-0 > .fusion-column-wrapper {margin-right : 1.92%;margin-left : 1.92%;}}<\/style><\/div><\/div><style type=\"text\/css\">.fusion-body .fusion-flex-container.fusion-builder-row-1{ padding-top : 0px;margin-top : 0px;padding-right : 0px;padding-bottom : 0px;margin-bottom : 0px;padding-left : 0px;}<\/style><\/div><div class=\"fusion-fullwidth fullwidth-box fusion-builder-row-2 fusion-flex-container nonhundred-percent-fullwidth non-hundred-percent-height-scrolling\" style=\"background-color: #ffffff;background-position: center center;background-repeat: no-repeat;border-width: 0px 0px 0px 0px;border-color:#eae9e9;border-style:solid;\" ><div class=\"fusion-builder-row fusion-row fusion-flex-align-items-flex-start\" style=\"max-width:1144px;margin-left: calc(-4% \/ 2 );margin-right: calc(-4% \/ 2 );\"><div class=\"fusion-layout-column fusion_builder_column fusion-builder-column-1 fusion_builder_column_1_1 1_1 fusion-flex-column\"><div class=\"fusion-column-wrapper fusion-flex-justify-content-flex-start fusion-content-layout-column\" style=\"background-position:left top;background-repeat:no-repeat;-webkit-background-size:cover;-moz-background-size:cover;-o-background-size:cover;background-size:cover;padding: 4% 0px 0px 0px;\"><div class=\"fusion-text fusion-text-2\"><ol>\n<li>\n<h3><b>INFORMATION FOR USERS<\/b><\/h3>\n<\/li>\n<\/ol>\n<h4><b>Who is the controller for your personal data?<\/b><\/h4>\n<p>EMKA MANUFACTURING, S.L. is the CONTROLLER for the processing of the personal data of the USER, and<\/p>\n<p>informs you that such data will be processed in accordance with the provisions of Regulation (EU) 2016\/679, of 27 April 2016 (the GDPR) and Spanish Data Protection Act 3\/2018, of 5 December 2018 (the LOPDGDD).<\/p>\n<h4><b>What will we process your personal data for?<\/b><\/h4>\n<p>To maintain a commercial relationship with the user. The planned processing operations are:<\/p>\n<ul>\n<li>Sending of commercial advertising communications by email, fax, SMS, MMS, social media or any other electronic or physical means existing at present or in the future and enabling such commercial communication. These communications will be performed by the CONTROLLER and will be connected with its products and services, or those of its partners or suppliers with which it has reached a promotional agreement. In such cases the third parties will under no circumstances have access to the personal data.<\/li>\n<li>Perform market studies and statistical analyses.<\/li>\n<li>Process commissions, requests, respond to queries or any type of enquiry submitted by the USER via any of the contact forms made available on the website of the CONTROLLER.<\/li>\n<li>Send the online newsletter covering the latest developments, operations and promotions in our business.<\/li>\n<\/ul>\n<h4><b>Why may we process your personal data?<\/b><\/h4>\n<p>Because of the legitimate basis for processing provided by Article 6 of the GDPR as follows:<\/p>\n<ul>\n<li>With the USER&#8217;s consent: sending of commercial communications and the newsletter.<\/li>\n<li>Through the legitimate interest of the CONTROLLER: conduct market studies, statistical analyses, etc., and process commissions, requests, etc. at the behest of the USER.<\/li>\n<\/ul>\n<h4><b>How long will we store your personal data for?<\/b><\/h4>\n<p>They will be stored for no longer than necessary in order to maintain the purpose of processing, or until the expiry of any statutory limitation periods requiring the data to be held in safekeeping, and once the data are no longer required for this purpose they will be erased using appropriate security measures so as to guarantee anonymisation or complete destruction of the data.<\/p>\n<h4><b>Who do we provide your personal data to?<\/b><\/h4>\n<p>There are no plans for any communication of personal data to third parties, unless for the development and execution of the purposes of processing it should be necessary to communicate data to our communication-related service providers, with which the CONTROLLER has signed non-disclosure and data processing contracts as required by the privacy regulations in force.<\/p>\n<h4><b>What are your rights?<\/b><\/h4>\n<ul>\n<li>The USER enjoys the following rights:<\/li>\n<li>Right to withdraw consent at any time.<\/li>\n<li>Right of access, rectification, portability and erasure of their data, and restriction of or objection to data processing.<\/li>\n<li>Right to file a grievance with the supervisory authority (www.aepd.es) if they believe that the processing does not comply with the regulations in force.<\/li>\n<\/ul>\n<h4><b>Contact details to exercise rights:<\/b><\/h4>\n<p>EMKA MANUFACTURING, S.L., CALLE JUPITER, 3 \u2013 28936 MOSTOLES, Madrid. E-mail: mariely@emkamf.es<\/p>\n<ol start=\"2\">\n<li>\n<h3><b>MANDATORY OR VOLUNTARY NATURE OF INFORMATION PROVIDED BY USERS<\/b><\/h3>\n<\/li>\n<\/ol>\n<p>By marking the corresponding boxes and entering data in those fields marked with an asterisk (*) in the contact form, or presenting data using downloaded forms, USERS explicitly, freely and unequivocally accept that their data are required in order for their request to be addressed by the service provider, the inclusion of data in all other fields being voluntarily. Users guarantee that the personal data provided to the CONTROLLER are accurate, and accept their responsibility to serve notice of any modification thereto.<\/p>\n<p>The CONTROLLER informs USERS that all data requested via the website are required, since they are necessary in order to provide an optimal service. If not all data are provided, no guarantee is given that the information and services provided will fully comply with your needs.<\/p>\n<ol start=\"3\">\n<li aria-level=\"1\">\n<h3><b>SECURITY MEASURES<\/b><\/h3>\n<\/li>\n<\/ol>\n<p>In accordance with the provisions of the personal data protection regulations in force, the CONTROLLER complies with all provisions of the GDPR and LOPDGDD regulations for the processing of the personal data for which it is responsible, and manifestly does so in accordance with the principles set out in Article 5 of the GDPR. The data are therefore processed in a lawful, fair and transparent manner with regard to the data subject, and are appropriate, relevant and limited to the data required in connection with the purposes for which they are processed.<\/p>\n<p>The CONTROLLER guarantees that it has implemented appropriate technical and organisational policies to apply the security measures established by the GDPR and the LOPDGDD in order to protect the rights and freedoms of USERS, and has given them appropriate information allowing them to exercise these rights.<\/p>\n<p>For further information regarding privacy guarantees, you may contact the CONTROLLER via EMKA MANUFACTURING, S.L., CALLE JUPITER, 3 \u2013 28936 MOSTOLES, Madrid. E-mail: mariely@emkamf.es<\/p>\n<\/div><\/div><style type=\"text\/css\">.fusion-body .fusion-builder-column-1{width:100% !important;margin-top : 0px;margin-bottom : 20px;}.fusion-builder-column-1 > .fusion-column-wrapper {padding-top : 4% !important;padding-right : 0px !important;margin-right : 1.92%;padding-bottom : 0px !important;padding-left : 0px !important;margin-left : 1.92%;}@media only screen and (max-width:800px) {.fusion-body .fusion-builder-column-1{width:100% !important;order : 0;}.fusion-builder-column-1 > .fusion-column-wrapper {margin-right : 1.92%;margin-left : 1.92%;}}@media only screen and (max-width:640px) {.fusion-body .fusion-builder-column-1{width:100% !important;order : 0;}.fusion-builder-column-1 > .fusion-column-wrapper {margin-right : 1.92%;margin-left : 1.92%;}}<\/style><\/div><\/div><style type=\"text\/css\">.fusion-body .fusion-flex-container.fusion-builder-row-2{ padding-top : 0px;margin-top : 0px;padding-right : 0px;padding-bottom : 0px;margin-bottom : 0px;padding-left : 0px;}<\/style><\/div><\/p>\n","protected":false},"excerpt":{"rendered":"","protected":false},"author":1,"featured_media":0,"parent":0,"menu_order":0,"comment_status":"closed","ping_status":"closed","template":"100-width.php","meta":{"footnotes":""},"class_list":["post-2404","page","type-page","status-publish","hentry"],"yoast_head":"<!-- This site is optimized with the Yoast SEO plugin v27.4 - https:\/\/yoast.com\/product\/yoast-seo-wordpress\/ -->\n<title>PRIVACY POLICY - EMKA<\/title>\n<meta name=\"robots\" content=\"index, follow, max-snippet:-1, max-image-preview:large, max-video-preview:-1\" \/>\n<link rel=\"canonical\" href=\"https:\/\/emkamf.es\/EN\/privacy-policy\/\" \/>\n<meta property=\"og:locale\" content=\"es_ES\" \/>\n<meta property=\"og:type\" content=\"article\" \/>\n<meta property=\"og:title\" content=\"PRIVACY POLICY - EMKA\" \/>\n<meta property=\"og:url\" content=\"https:\/\/emkamf.es\/EN\/privacy-policy\/\" \/>\n<meta property=\"og:site_name\" content=\"EMKA\" \/>\n<meta property=\"article:modified_time\" content=\"2021-09-12T10:48:45+00:00\" \/>\n<meta name=\"twitter:card\" content=\"summary_large_image\" \/>\n<meta name=\"twitter:label1\" content=\"Tiempo de lectura\" \/>\n\t<meta name=\"twitter:data1\" content=\"11 minutos\" \/>\n<script type=\"application\/ld+json\" class=\"yoast-schema-graph\">{\"@context\":\"https:\\\/\\\/schema.org\",\"@graph\":[{\"@type\":\"WebPage\",\"@id\":\"https:\\\/\\\/emkamf.es\\\/EN\\\/privacy-policy\\\/\",\"url\":\"https:\\\/\\\/emkamf.es\\\/EN\\\/privacy-policy\\\/\",\"name\":\"PRIVACY POLICY - EMKA\",\"isPartOf\":{\"@id\":\"https:\\\/\\\/emkamf.es\\\/EN\\\/#website\"},\"datePublished\":\"2021-07-29T18:46:45+00:00\",\"dateModified\":\"2021-09-12T10:48:45+00:00\",\"breadcrumb\":{\"@id\":\"https:\\\/\\\/emkamf.es\\\/EN\\\/privacy-policy\\\/#breadcrumb\"},\"inLanguage\":\"es\",\"potentialAction\":[{\"@type\":\"ReadAction\",\"target\":[\"https:\\\/\\\/emkamf.es\\\/EN\\\/privacy-policy\\\/\"]}]},{\"@type\":\"BreadcrumbList\",\"@id\":\"https:\\\/\\\/emkamf.es\\\/EN\\\/privacy-policy\\\/#breadcrumb\",\"itemListElement\":[{\"@type\":\"ListItem\",\"position\":1,\"name\":\"Home\",\"item\":\"https:\\\/\\\/emkamf.es\\\/EN\\\/\"},{\"@type\":\"ListItem\",\"position\":2,\"name\":\"PRIVACY POLICY\"}]},{\"@type\":\"WebSite\",\"@id\":\"https:\\\/\\\/emkamf.es\\\/EN\\\/#website\",\"url\":\"https:\\\/\\\/emkamf.es\\\/EN\\\/\",\"name\":\"EMKA\",\"description\":\"Consultor\u00eda T\u00e9cnica, Log\u00edstica y transporte\",\"potentialAction\":[{\"@type\":\"SearchAction\",\"target\":{\"@type\":\"EntryPoint\",\"urlTemplate\":\"https:\\\/\\\/emkamf.es\\\/EN\\\/?s={search_term_string}\"},\"query-input\":{\"@type\":\"PropertyValueSpecification\",\"valueRequired\":true,\"valueName\":\"search_term_string\"}}],\"inLanguage\":\"es\"}]}<\/script>\n<!-- \/ Yoast SEO plugin. -->","yoast_head_json":{"title":"PRIVACY POLICY - EMKA","robots":{"index":"index","follow":"follow","max-snippet":"max-snippet:-1","max-image-preview":"max-image-preview:large","max-video-preview":"max-video-preview:-1"},"canonical":"https:\/\/emkamf.es\/EN\/privacy-policy\/","og_locale":"es_ES","og_type":"article","og_title":"PRIVACY POLICY - EMKA","og_url":"https:\/\/emkamf.es\/EN\/privacy-policy\/","og_site_name":"EMKA","article_modified_time":"2021-09-12T10:48:45+00:00","twitter_card":"summary_large_image","twitter_misc":{"Tiempo de lectura":"11 minutos"},"schema":{"@context":"https:\/\/schema.org","@graph":[{"@type":"WebPage","@id":"https:\/\/emkamf.es\/EN\/privacy-policy\/","url":"https:\/\/emkamf.es\/EN\/privacy-policy\/","name":"PRIVACY POLICY - EMKA","isPartOf":{"@id":"https:\/\/emkamf.es\/EN\/#website"},"datePublished":"2021-07-29T18:46:45+00:00","dateModified":"2021-09-12T10:48:45+00:00","breadcrumb":{"@id":"https:\/\/emkamf.es\/EN\/privacy-policy\/#breadcrumb"},"inLanguage":"es","potentialAction":[{"@type":"ReadAction","target":["https:\/\/emkamf.es\/EN\/privacy-policy\/"]}]},{"@type":"BreadcrumbList","@id":"https:\/\/emkamf.es\/EN\/privacy-policy\/#breadcrumb","itemListElement":[{"@type":"ListItem","position":1,"name":"Home","item":"https:\/\/emkamf.es\/EN\/"},{"@type":"ListItem","position":2,"name":"PRIVACY POLICY"}]},{"@type":"WebSite","@id":"https:\/\/emkamf.es\/EN\/#website","url":"https:\/\/emkamf.es\/EN\/","name":"EMKA","description":"Consultor\u00eda T\u00e9cnica, Log\u00edstica y transporte","potentialAction":[{"@type":"SearchAction","target":{"@type":"EntryPoint","urlTemplate":"https:\/\/emkamf.es\/EN\/?s={search_term_string}"},"query-input":{"@type":"PropertyValueSpecification","valueRequired":true,"valueName":"search_term_string"}}],"inLanguage":"es"}]}},"_links":{"self":[{"href":"https:\/\/emkamf.es\/EN\/wp-json\/wp\/v2\/pages\/2404","targetHints":{"allow":["GET"]}}],"collection":[{"href":"https:\/\/emkamf.es\/EN\/wp-json\/wp\/v2\/pages"}],"about":[{"href":"https:\/\/emkamf.es\/EN\/wp-json\/wp\/v2\/types\/page"}],"author":[{"embeddable":true,"href":"https:\/\/emkamf.es\/EN\/wp-json\/wp\/v2\/users\/1"}],"replies":[{"embeddable":true,"href":"https:\/\/emkamf.es\/EN\/wp-json\/wp\/v2\/comments?post=2404"}],"version-history":[{"count":14,"href":"https:\/\/emkamf.es\/EN\/wp-json\/wp\/v2\/pages\/2404\/revisions"}],"predecessor-version":[{"id":2672,"href":"https:\/\/emkamf.es\/EN\/wp-json\/wp\/v2\/pages\/2404\/revisions\/2672"}],"wp:attachment":[{"href":"https:\/\/emkamf.es\/EN\/wp-json\/wp\/v2\/media?parent=2404"}],"curies":[{"name":"wp","href":"https:\/\/api.w.org\/{rel}","templated":true}]}}