{"id":2367,"date":"2021-07-29T16:12:24","date_gmt":"2021-07-29T16:12:24","guid":{"rendered":"https:\/\/emkamf.es\/?page_id=2367"},"modified":"2021-10-26T10:49:04","modified_gmt":"2021-10-26T10:49:04","slug":"cookies-policy","status":"publish","type":"page","link":"https:\/\/emkamf.es\/EN\/cookies-policy\/","title":{"rendered":"COOKIES POLICY"},"content":{"rendered":"<p><div class=\"fusion-fullwidth fullwidth-box fusion-builder-row-1 fusion-flex-container hundred-percent-fullwidth non-hundred-percent-height-scrolling\" style=\"background-color: #6794c7;background-position: center center;background-repeat: no-repeat;border-width: 0px 0px 0px 0px;border-color:#eae9e9;border-style:solid;\" ><div class=\"fusion-builder-row fusion-row fusion-flex-align-items-center fusion-flex-align-content-center fusion-flex-justify-content-center\" style=\"width:104% !important;max-width:104% !important;margin-left: calc(-4% \/ 2 );margin-right: calc(-4% \/ 2 );\"><div class=\"fusion-layout-column fusion_builder_column fusion-builder-column-0 fusion_builder_column_1_1 1_1 fusion-flex-column fusion-flex-align-self-stretch\"><div class=\"fusion-column-wrapper fusion-flex-justify-content-center fusion-content-layout-column\" style=\"background-position:left top;background-repeat:no-repeat;-webkit-background-size:cover;-moz-background-size:cover;-o-background-size:cover;background-size:cover;padding: 0px 0px 0px 0px;\"><div class=\"fusion-text fusion-text-1\"><h1 style=\"text-align: center;\"><span style=\"color: #ffffff;\">COOKIES POLICY<\/span><\/h1>\n<\/div><\/div><style type=\"text\/css\">.fusion-body .fusion-builder-column-0{width:100% !important;margin-top : 0px;margin-bottom : 0px;}.fusion-builder-column-0 > .fusion-column-wrapper {padding-top : 0px !important;padding-right : 0px !important;margin-right : 1.92%;padding-bottom : 0px !important;padding-left : 0px !important;margin-left : 1.92%;}@media only screen and (max-width:800px) {.fusion-body .fusion-builder-column-0{width:100% !important;order : 0;}.fusion-builder-column-0 > .fusion-column-wrapper {margin-right : 1.92%;margin-left : 1.92%;}}@media only screen and (max-width:640px) {.fusion-body .fusion-builder-column-0{width:100% !important;order : 0;}.fusion-builder-column-0 > .fusion-column-wrapper {margin-right : 1.92%;margin-left : 1.92%;}}<\/style><\/div><\/div><style type=\"text\/css\">.fusion-body .fusion-flex-container.fusion-builder-row-1{ padding-top : 0px;margin-top : 0px;padding-right : 0px;padding-bottom : 0px;margin-bottom : 0px;padding-left : 0px;}<\/style><\/div><div class=\"fusion-fullwidth fullwidth-box fusion-builder-row-2 fusion-flex-container nonhundred-percent-fullwidth non-hundred-percent-height-scrolling\" style=\"background-color: #ffffff;background-position: center center;background-repeat: no-repeat;border-width: 0px 0px 0px 0px;border-color:#eae9e9;border-style:solid;\" ><div class=\"fusion-builder-row fusion-row fusion-flex-align-items-flex-start\" style=\"max-width:1144px;margin-left: calc(-4% \/ 2 );margin-right: calc(-4% \/ 2 );\"><div class=\"fusion-layout-column fusion_builder_column fusion-builder-column-1 fusion_builder_column_1_1 1_1 fusion-flex-column\"><div class=\"fusion-column-wrapper fusion-flex-justify-content-flex-start fusion-content-layout-column\" style=\"background-position:left top;background-repeat:no-repeat;-webkit-background-size:cover;-moz-background-size:cover;-o-background-size:cover;background-size:cover;padding: 4% 0px 0px 0px;\"><div class=\"fusion-text fusion-text-2\" style=\"text-transform:none;\"><p>Emka provides information as to the use of cookies on its website: www.emkamf.es<\/p>\n<h3><b>What are cookies?<\/b><\/h3>\n<p>Cookies are files which can be downloaded onto your computer via websites. They are tools which play an essential role in providing numerous information society services. Among other functions, they allow a website to store and retrieve information about the browsing habits of users or their computers, and depending on the information obtained can be used to recognise users and enhance the service offered.<\/p>\n<h3><b>Types of cookie<\/b><\/h3>\n<p>Depending on the entity which administers the domain from which the cookies are sent, and which processes the data obtained, they may be divided into two types:<\/p>\n<ul>\n<li>First-party cookies: those sent to the user&#8217;s device from a device or domain managed by the publisher of the Website and used to provide the service requested by the user.<\/li>\n<li>Third-party cookies: those sent to the user&#8217;s device from a device or domain not managed by the publisher, but by another entity which processes the data obtained by means of cookies.<\/li>\n<\/ul>\n<p>In the case of cookies installed from equipment or a domain managed by the publisher itself, but where the information that is gathered by the cookies is managed by a third party, the cookies may not be considered to be first-party.<\/p>\n<p>There is also a second classification depending on how long the cookies are stored in the client&#8217;s browser, which may be:<\/p>\n<ul>\n<li>Session cookies: designed to gather and store data while the user accesses a website. Typically used to store information which is to be retained only for provision of the service requested by the user on one single occasion (e.g. a list of products acquired).<\/li>\n<li>Persistent cookies: the data are stored on the terminal and may be accessed and processed for a duration defined by the cookie controller, which may range from a number of minutes to several years.<\/li>\n<\/ul>\n<p>There is lastly another classification into five types of cookie depending on the purpose for which the data obtained are used:<\/p>\n<ul>\n<li>Technical cookies: these let the User browse a website, platform or app and use the different options or services that they contain such as, for example, to control data traffic and communication, identify sessions, provide access to restricted access sections, remember the items in an order, perform the order purchase process, enable a request to sign up to or engage in an event, use security elements during browsing, store content for video or sound broadcasting or to share content on social media networks.<\/li>\n<li>Customisation cookies: they let the User access a service with certain predefined general features depending on a series of criteria in your terminal such as, for example, the language, the browser type used to access the service, the regional configuration or settings from where the service is accessed, etc.<\/li>\n<li>Analytical cookies: to enable their controller to track, record and analyse the behaviour of users of the websites to which they are linked The information gathered by this type cookie is used for the measurement of activity on the websites, application or platform, and for the generation of the browsing profiles of the users of such sites, applications and platforms, in order to make improvements in accordance with the analysis of the data on usage made by users of the service.<\/li>\n<li>Advertising cookies: allowing the most effective management possible of advertising spaces.<\/li>\n<li>Behavioural advertising cookies: they store information on user behaviour obtained through the ongoing observation of the user\u2019s browsing habits, making it possible to develop a specific profile to display advertising in accordance with the profile.<\/li>\n<li>External social media cookies: used to allow visitors to interact with the content of different social media platforms (Facebook, YouTube, Twitter, LinkedIn, etc.), generated only for users of these social media platforms. The usage conditions of these cookies and the information gathered are governed by the privacy policy of the corresponding social media platform.<\/li>\n<\/ul>\n<h3><b>Deactivation and deletion of cookies<\/b><\/h3>\n<p>You have the option of allowing, blocking or deleting the cookies installed on your device by changing the settings of the browser you have installed. If cookies are disabled, some of the available services could become inoperative. The method for disabling cookies is different for each browser, but this can normally be done via the Tools or Options menu. You may also consult the browser&#8217;s Help menu to find instructions. Users may at any time choose which cookies they wish to allow to function on this website.<\/p>\n<p>You can enable, block or delete the cookies installed on your computer by configuring the options of the browser installed on it:<\/p>\n<ul>\n<li>Microsoft Internet Explorer or Microsoft Edge: http:\/\/windows.microsoft.com\/es-es\/windows-vista\/Block-or-allow-cookies<\/li>\n<li>Mozilla Firefox: http:\/\/support.mozilla.org\/es\/kb\/impedir-que-los-sitios-web-guarden-sus-preferencia<\/li>\n<li>Chrome: https:\/\/support.google.com\/accounts\/answer\/61416?hl=es<\/li>\n<li>Safari: http:\/\/safari.helpmax.net\/es\/privacidad-y-seguridad\/como-gestionar-las-cookies\/<\/li>\n<li>Opera: http:\/\/help.opera.com\/Linux\/10.60\/es-ES\/cookies.html<\/li>\n<\/ul>\n<p>You may also manage the storage of cookies in your browser by means of tools such as the following:<\/p>\n<ul>\n<li>Ghostery: www.ghostery.com\/<\/li>\n<li>Your online choices: www.youronlinechoices.com\/es\/<\/li>\n<\/ul>\n<h3><b>Cookies used at www.emkamf.es<\/b><\/h3>\n<p><span class=\"VIiyi\" lang=\"en\"><span class=\"JLqJ4b ChMk0b\" data-language-for-alternatives=\"en\" data-language-to-translate-into=\"es\" data-phrase-index=\"0\" data-number-of-phrases=\"4\">This website does not use cookies and does not collect or transfer personal data of users without their knowledge.<\/span> <span class=\"JLqJ4b ChMk0b\" data-language-for-alternatives=\"en\" data-language-to-translate-into=\"es\" data-phrase-index=\"1\" data-number-of-phrases=\"4\">It does not collect user browsing data.<\/span> <span class=\"JLqJ4b ChMk0b\" data-language-for-alternatives=\"en\" data-language-to-translate-into=\"es\" data-phrase-index=\"3\" data-number-of-phrases=\"4\">The cookies that could be used in this portal in the future, but that are not used at the moment are identified below:<\/span><\/span><\/p>\n<ul>\n<li>youtube<\/li>\n<li>google maps<\/li>\n<\/ul>\n<h3><span class=\"VIiyi\" lang=\"en\"><span class=\"JLqJ4b ChMk0b\" data-language-for-alternatives=\"en\" data-language-to-translate-into=\"es\" data-phrase-index=\"0\" data-number-of-phrases=\"1\">Understanding the Cookie Policy<\/span><\/span><\/h3>\n<p>www.emkamf.es assumes that you understand the use of cookies. It nonetheless displays information on its Cookie Policy at the foot of any page on the portal when each session begins, in order to ensure that you are aware of this.<\/p>\n<p>The following actions may be taken in response to this information:<\/p>\n<ul>\n<li>Understand cookies. The notice will no longer be displayed when accessing any page of the portal during the current session.<\/li>\n<\/ul>\n<ul>\n<li>Modify your settings. <span class=\"VIiyi\" lang=\"en\"><span class=\"JLqJ4b ChMk0b\" data-language-for-alternatives=\"en\" data-language-to-translate-into=\"es\" data-phrase-index=\"0\" data-number-of-phrases=\"1\">With the information that we provide on how to do it in the different browsers.<\/span><\/span>\u00a0<\/li>\n<\/ul>\n<\/div><\/div><style type=\"text\/css\">.fusion-body .fusion-builder-column-1{width:100% !important;margin-top : 0px;margin-bottom : 20px;}.fusion-builder-column-1 > .fusion-column-wrapper {padding-top : 4% !important;padding-right : 0px !important;margin-right : 1.92%;padding-bottom : 0px !important;padding-left : 0px !important;margin-left : 1.92%;}@media only screen and (max-width:800px) {.fusion-body .fusion-builder-column-1{width:100% !important;order : 0;}.fusion-builder-column-1 > .fusion-column-wrapper {margin-right : 1.92%;margin-left : 1.92%;}}@media only screen and (max-width:640px) {.fusion-body .fusion-builder-column-1{width:100% !important;order : 0;}.fusion-builder-column-1 > .fusion-column-wrapper {margin-right : 1.92%;margin-left : 1.92%;}}<\/style><\/div><\/div><style type=\"text\/css\">.fusion-body .fusion-flex-container.fusion-builder-row-2{ padding-top : 0px;margin-top : 0px;padding-right : 0px;padding-bottom : 0px;margin-bottom : 0px;padding-left : 0px;}<\/style><\/div><\/p>\n","protected":false},"excerpt":{"rendered":"","protected":false},"author":1,"featured_media":0,"parent":0,"menu_order":0,"comment_status":"closed","ping_status":"closed","template":"100-width.php","meta":{"footnotes":""},"class_list":["post-2367","page","type-page","status-publish","hentry"],"yoast_head":"<!-- This site is optimized with the Yoast SEO plugin v27.4 - https:\/\/yoast.com\/product\/yoast-seo-wordpress\/ -->\n<title>COOKIES POLICY - EMKA<\/title>\n<meta name=\"robots\" content=\"index, follow, max-snippet:-1, max-image-preview:large, max-video-preview:-1\" \/>\n<link rel=\"canonical\" href=\"https:\/\/emkamf.es\/EN\/cookies-policy\/\" \/>\n<meta property=\"og:locale\" content=\"es_ES\" \/>\n<meta property=\"og:type\" content=\"article\" \/>\n<meta property=\"og:title\" content=\"COOKIES POLICY - EMKA\" \/>\n<meta property=\"og:url\" content=\"https:\/\/emkamf.es\/EN\/cookies-policy\/\" \/>\n<meta property=\"og:site_name\" content=\"EMKA\" \/>\n<meta property=\"article:modified_time\" content=\"2021-10-26T10:49:04+00:00\" \/>\n<meta name=\"twitter:card\" content=\"summary_large_image\" \/>\n<meta name=\"twitter:label1\" content=\"Tiempo de lectura\" \/>\n\t<meta name=\"twitter:data1\" content=\"2 minutos\" \/>\n<script type=\"application\/ld+json\" class=\"yoast-schema-graph\">{\"@context\":\"https:\\\/\\\/schema.org\",\"@graph\":[{\"@type\":\"WebPage\",\"@id\":\"https:\\\/\\\/emkamf.es\\\/EN\\\/cookies-policy\\\/\",\"url\":\"https:\\\/\\\/emkamf.es\\\/EN\\\/cookies-policy\\\/\",\"name\":\"COOKIES POLICY - EMKA\",\"isPartOf\":{\"@id\":\"https:\\\/\\\/emkamf.es\\\/EN\\\/#website\"},\"datePublished\":\"2021-07-29T16:12:24+00:00\",\"dateModified\":\"2021-10-26T10:49:04+00:00\",\"breadcrumb\":{\"@id\":\"https:\\\/\\\/emkamf.es\\\/EN\\\/cookies-policy\\\/#breadcrumb\"},\"inLanguage\":\"es\",\"potentialAction\":[{\"@type\":\"ReadAction\",\"target\":[\"https:\\\/\\\/emkamf.es\\\/EN\\\/cookies-policy\\\/\"]}]},{\"@type\":\"BreadcrumbList\",\"@id\":\"https:\\\/\\\/emkamf.es\\\/EN\\\/cookies-policy\\\/#breadcrumb\",\"itemListElement\":[{\"@type\":\"ListItem\",\"position\":1,\"name\":\"Home\",\"item\":\"https:\\\/\\\/emkamf.es\\\/EN\\\/\"},{\"@type\":\"ListItem\",\"position\":2,\"name\":\"COOKIES POLICY\"}]},{\"@type\":\"WebSite\",\"@id\":\"https:\\\/\\\/emkamf.es\\\/EN\\\/#website\",\"url\":\"https:\\\/\\\/emkamf.es\\\/EN\\\/\",\"name\":\"EMKA\",\"description\":\"Consultor\u00eda T\u00e9cnica, Log\u00edstica y transporte\",\"potentialAction\":[{\"@type\":\"SearchAction\",\"target\":{\"@type\":\"EntryPoint\",\"urlTemplate\":\"https:\\\/\\\/emkamf.es\\\/EN\\\/?s={search_term_string}\"},\"query-input\":{\"@type\":\"PropertyValueSpecification\",\"valueRequired\":true,\"valueName\":\"search_term_string\"}}],\"inLanguage\":\"es\"}]}<\/script>\n<!-- \/ Yoast SEO plugin. -->","yoast_head_json":{"title":"COOKIES POLICY - EMKA","robots":{"index":"index","follow":"follow","max-snippet":"max-snippet:-1","max-image-preview":"max-image-preview:large","max-video-preview":"max-video-preview:-1"},"canonical":"https:\/\/emkamf.es\/EN\/cookies-policy\/","og_locale":"es_ES","og_type":"article","og_title":"COOKIES POLICY - EMKA","og_url":"https:\/\/emkamf.es\/EN\/cookies-policy\/","og_site_name":"EMKA","article_modified_time":"2021-10-26T10:49:04+00:00","twitter_card":"summary_large_image","twitter_misc":{"Tiempo de lectura":"2 minutos"},"schema":{"@context":"https:\/\/schema.org","@graph":[{"@type":"WebPage","@id":"https:\/\/emkamf.es\/EN\/cookies-policy\/","url":"https:\/\/emkamf.es\/EN\/cookies-policy\/","name":"COOKIES POLICY - EMKA","isPartOf":{"@id":"https:\/\/emkamf.es\/EN\/#website"},"datePublished":"2021-07-29T16:12:24+00:00","dateModified":"2021-10-26T10:49:04+00:00","breadcrumb":{"@id":"https:\/\/emkamf.es\/EN\/cookies-policy\/#breadcrumb"},"inLanguage":"es","potentialAction":[{"@type":"ReadAction","target":["https:\/\/emkamf.es\/EN\/cookies-policy\/"]}]},{"@type":"BreadcrumbList","@id":"https:\/\/emkamf.es\/EN\/cookies-policy\/#breadcrumb","itemListElement":[{"@type":"ListItem","position":1,"name":"Home","item":"https:\/\/emkamf.es\/EN\/"},{"@type":"ListItem","position":2,"name":"COOKIES POLICY"}]},{"@type":"WebSite","@id":"https:\/\/emkamf.es\/EN\/#website","url":"https:\/\/emkamf.es\/EN\/","name":"EMKA","description":"Consultor\u00eda T\u00e9cnica, Log\u00edstica y transporte","potentialAction":[{"@type":"SearchAction","target":{"@type":"EntryPoint","urlTemplate":"https:\/\/emkamf.es\/EN\/?s={search_term_string}"},"query-input":{"@type":"PropertyValueSpecification","valueRequired":true,"valueName":"search_term_string"}}],"inLanguage":"es"}]}},"_links":{"self":[{"href":"https:\/\/emkamf.es\/EN\/wp-json\/wp\/v2\/pages\/2367","targetHints":{"allow":["GET"]}}],"collection":[{"href":"https:\/\/emkamf.es\/EN\/wp-json\/wp\/v2\/pages"}],"about":[{"href":"https:\/\/emkamf.es\/EN\/wp-json\/wp\/v2\/types\/page"}],"author":[{"embeddable":true,"href":"https:\/\/emkamf.es\/EN\/wp-json\/wp\/v2\/users\/1"}],"replies":[{"embeddable":true,"href":"https:\/\/emkamf.es\/EN\/wp-json\/wp\/v2\/comments?post=2367"}],"version-history":[{"count":25,"href":"https:\/\/emkamf.es\/EN\/wp-json\/wp\/v2\/pages\/2367\/revisions"}],"predecessor-version":[{"id":2685,"href":"https:\/\/emkamf.es\/EN\/wp-json\/wp\/v2\/pages\/2367\/revisions\/2685"}],"wp:attachment":[{"href":"https:\/\/emkamf.es\/EN\/wp-json\/wp\/v2\/media?parent=2367"}],"curies":[{"name":"wp","href":"https:\/\/api.w.org\/{rel}","templated":true}]}}