{"id":2404,"date":"2021-07-29T18:46:45","date_gmt":"2021-07-29T18:46:45","guid":{"rendered":"https:\/\/emkamf.es\/?page_id=2404"},"modified":"2021-09-12T14:42:10","modified_gmt":"2021-09-12T14:42:10","slug":"datenschutzpolitik","status":"publish","type":"page","link":"https:\/\/emkamf.es\/DE\/datenschutzpolitik\/","title":{"rendered":"DATENSCHUTZPOLITIK"},"content":{"rendered":"<p><div class=\"fusion-fullwidth fullwidth-box fusion-builder-row-1 fusion-flex-container hundred-percent-fullwidth non-hundred-percent-height-scrolling\" style=\"background-color: #6794c7;background-position: center center;background-repeat: no-repeat;border-width: 0px 0px 0px 0px;border-color:#eae9e9;border-style:solid;\" ><div class=\"fusion-builder-row fusion-row fusion-flex-align-items-center fusion-flex-align-content-center fusion-flex-justify-content-center\" style=\"width:104% !important;max-width:104% !important;margin-left: calc(-4% \/ 2 );margin-right: calc(-4% \/ 2 );\"><div class=\"fusion-layout-column fusion_builder_column fusion-builder-column-0 fusion_builder_column_1_1 1_1 fusion-flex-column fusion-flex-align-self-stretch\"><div class=\"fusion-column-wrapper fusion-flex-justify-content-center fusion-content-layout-column\" style=\"background-position:left top;background-repeat:no-repeat;-webkit-background-size:cover;-moz-background-size:cover;-o-background-size:cover;background-size:cover;padding: 0px 0px 0px 0px;\"><div class=\"fusion-text fusion-text-1\"><h1 style=\"text-align: center;\"><span style=\"color: #ffffff;\">DATENSCHUTZPOLITIK<\/span><\/h1>\n<\/div><\/div><style type=\"text\/css\">.fusion-body .fusion-builder-column-0{width:100% !important;margin-top : 0px;margin-bottom : 0px;}.fusion-builder-column-0 > .fusion-column-wrapper {padding-top : 0px !important;padding-right : 0px !important;margin-right : 1.92%;padding-bottom : 0px !important;padding-left : 0px !important;margin-left : 1.92%;}@media only screen and (max-width:800px) {.fusion-body .fusion-builder-column-0{width:100% !important;order : 0;}.fusion-builder-column-0 > .fusion-column-wrapper {margin-right : 1.92%;margin-left : 1.92%;}}@media only screen and (max-width:640px) {.fusion-body .fusion-builder-column-0{width:100% !important;order : 0;}.fusion-builder-column-0 > .fusion-column-wrapper {margin-right : 1.92%;margin-left : 1.92%;}}<\/style><\/div><\/div><style type=\"text\/css\">.fusion-body .fusion-flex-container.fusion-builder-row-1{ padding-top : 0px;margin-top : 0px;padding-right : 0px;padding-bottom : 0px;margin-bottom : 0px;padding-left : 0px;}<\/style><\/div><div class=\"fusion-fullwidth fullwidth-box fusion-builder-row-2 fusion-flex-container nonhundred-percent-fullwidth non-hundred-percent-height-scrolling\" style=\"background-color: #ffffff;background-position: center center;background-repeat: no-repeat;border-width: 0px 0px 0px 0px;border-color:#eae9e9;border-style:solid;\" ><div class=\"fusion-builder-row fusion-row fusion-flex-align-items-flex-start\" style=\"max-width:1144px;margin-left: calc(-4% \/ 2 );margin-right: calc(-4% \/ 2 );\"><div class=\"fusion-layout-column fusion_builder_column fusion-builder-column-1 fusion_builder_column_1_1 1_1 fusion-flex-column\"><div class=\"fusion-column-wrapper fusion-flex-justify-content-flex-start fusion-content-layout-column\" style=\"background-position:left top;background-repeat:no-repeat;-webkit-background-size:cover;-moz-background-size:cover;-o-background-size:cover;background-size:cover;padding: 4% 0px 0px 0px;\"><div class=\"fusion-text fusion-text-2\"><ol>\n<li aria-level=\"1\">\n<h3><b>NUTZERINFORMATIONEN<\/b><b><br \/>\n<\/b><\/h3>\n<\/li>\n<\/ol>\n<h4><b>Wer ist f\u00fcr die Verarbeitung Ihrer personenbezogenen Daten verantwortlich?<\/b><\/h4>\n<p>EMKA MANUFACTURING, S.L. ist der VERANTWORTLICHE f\u00fcr die Verarbeitung der pers\u00f6nlichen Daten des BENUTZERS und weist Sie darauf hin,<\/p>\n<p>dass diese Daten in \u00dcbereinstimmung mit den Bestimmungen der Verordnung (EU) 2016\/679 vom 27. April (DSGVO) und dem Organgesetz 3\/2018 vom 5. Dezember (LOPDGDD) verarbeitet werden.<\/p>\n<h4><b>Wozu verarbeiten wir Ihre personenbezogenen Daten?<\/b><\/h4>\n<p>Um eine Gesch\u00e4ftsbeziehung mit dem Nutzer aufrecht zu erhalten. Die f\u00fcr die Durchf\u00fchrung der Verarbeitung vorgesehenen Vorg\u00e4nge sind:<\/p>\n<ul>\n<li>Zustellung von kommerziellen Werbemitteilungen per E-Mail, Fax, SMS, MMS, soziale Netzwerke oder \u00fcber andere elektronische oder physische Mittel, die gegenw\u00e4rtig oder zuk\u00fcnftig eine kommerzielle Kommunikation erm\u00f6glichen. Diese Mitteilungen erfolgen durch den VERANTWORTLICHEN und beziehen sich auf seine Produkte und Dienstleistungen oder die seiner Mitarbeiter oder Lieferanten, mit denen er eine Werbevereinbarung getroffen hat. In diesem Fall werden Dritte niemals Zugang zu den personenbezogenen Daten haben.<\/li>\n<li>Marktforschung und statistische Analysen.<\/li>\n<li>Bearbeiten von Auftr\u00e4gen, Bestellungen, Beantwortung von Anfragen oder jeder Art von R\u00fcckfragen, die der BENUTZER \u00fcber eine der zur Verf\u00fcgung gestellten Kontaktm\u00f6glichkeiten auf der Webseite des VERANTWORTLICHEN stellt.<\/li>\n<li>Versand des Online-Newsletters \u00fcber Neuigkeiten, Angebote und Aktionen in unserer T\u00e4tigkeit.<\/li>\n<\/ul>\n<h4><b>Warum verarbeiten wir Ihre personenbezogenen Daten?<\/b><\/h4>\n<p>Weil die Verarbeitung durch Artikel 6 der Datenschutz-Grundverordnung wie folgt legitimiert ist:<\/p>\n<ul>\n<li>Mit der Zustimmung des BENUTZERS: Zusendung von kommerziellen Mitteilungen und des Newsletters.<\/li>\n<li>F\u00fcr das berechtigte Interesse des VERANTWORTLICHEN: Durchf\u00fchrung von Marktforschungen, statistischen Analysen usw. und Bearbeitung von Bestellungen, Anfragen usw. auf Anfrage des BENUTZERS.<\/li>\n<\/ul>\n<h4><b>Wie lange werden Ihre personenbezogenen Daten gespeichert?<\/b><\/h4>\n<p>Sie werden nur so lange aufbewahrt, wie es f\u00fcr die Aufrechterhaltung des Zwecks der Verarbeitung erforderlich ist, oder es gibt gesetzliche Vorschriften, die ihre Aufbewahrung vorschreiben, und wenn sie f\u00fcr diesen Zweck nicht mehr erforderlich sind, werden sie mit geeigneten Sicherheitsma\u00dfnahmen gel\u00f6scht, um die Anonymisierung der Daten oder ihre vollst\u00e4ndige Vernichtung zu gew\u00e4hrleisten.<\/p>\n<h4><b>An wen geben wir Ihre personenbezogenen Daten weiter?<\/b><\/h4>\n<p>Eine Weitergabe personenbezogener Daten an Dritte ist nicht vorgesehen, es sei denn, die Weitergabe an unsere Dienstanbieter im Zusammenhang mit der Kommunikation bzw. mit dem Auftragsverarbeiter, mit denen VERANTWORTLICHE die die nach den geltenden Datenschutzbestimmungen erforderlichen Vertraulichkeitsabkommen unterzeichnet hat, ist f\u00fcr die Entwicklung und Durchf\u00fchrung der Verarbeitungszwecke notwendig.<\/p>\n<h4><b>Welche Rechte haben Sie?<\/b><\/h4>\n<ul>\n<li>Der BENUTZER hat folgende Rechte:<\/li>\n<li>Recht, seine Einwilligung jederzeit zu widerrufen.<\/li>\n<li>Recht auf Zugang, Berichtigung, \u00dcbertragbarkeit und L\u00f6schung seiner Daten und die Beschr\u00e4nkung oder Widerspruch gegen ihre Verarbeitung.<\/li>\n<li>Recht, eine Beschwerde bei der Aufsichtsbeh\u00f6rde (www.aepd.es) einzureichen, wenn er der Ansicht ist, dass die Verarbeitung nicht den geltenden Vorschriften entspricht.<\/li>\n<\/ul>\n<h4><b>Kontaktdaten zur Aus\u00fcbung Ihrer Rechte:<\/b><\/h4>\n<p>EMKA MANUFACTURING, S.L. CALLE JUPITER, N\u00ba 3 \u2013 28936 MOSTOLES (Madrid). E-Mail: mariely@emkamf.es<\/p>\n<ol start=\"2\">\n<li aria-level=\"1\">\n<h3><b>OBLIGATORISCHER ODER FREIWILLIGER CHARAKTER DER VOM BENUTZER BEREITGESTELLTEN INFORMATIONEN<\/b><b><br \/>\n<\/b><\/h3>\n<\/li>\n<\/ol>\n<p>Die BENUTZER akzeptieren durch die Markierung der entsprechenden Felder und die Eingabe von Daten in die Felder, die mit einem Sternchen (*) im Kontaktformular oder in den Download-Formularen gekennzeichnet sind, ausdr\u00fccklich und freiwillig und unmissverst\u00e4ndlich, dass ihre Daten zur Bearbeitung ihrer Anfrage seitens des Dienstleisters erforderlich sind, w\u00e4hrend die Eingabe von Daten in die \u00fcbrigen Felder freiwillig ist. Der BENUTZER garantiert, dass die gegen\u00fcber dem VERANTWORTLICHEN angegebenen pers\u00f6nlichen Daten wahr sind, und ist f\u00fcr die Mitteilung von jeglichen \u00c4nderungen dieser Daten verantwortlich.<\/p>\n<p>Der VERANTWORTLICHE teilt mit, dass alle \u00fcber die Website angeforderten Daten Pflichtdaten sind, da sie f\u00fcr die Bereitstellung eines optimalen Service f\u00fcr den BENUTZER erforderlich sind. Wenn nicht alle Daten angegeben werden, kann nicht garantiert werden, dass die bereitgestellten Informationen und Dienstleistungen vollst\u00e4ndig auf Ihre Bed\u00fcrfnisse zugeschnitten sind.<\/p>\n<ol start=\"3\">\n<li aria-level=\"1\">\n<h3><b>SICHERHEITSMASSNAHMEN<\/b><b><br \/>\n<\/b><\/h3>\n<\/li>\n<\/ol>\n<p>In \u00dcbereinstimmung mit den Bestimmungen der geltenden Vorschriften zum Schutz personenbezogener Daten h\u00e4lt sich der VERANTWORTLICHE an alle Bestimmungen der Vorschriften der DSGVO und des LOPDGDD f\u00fcr die Verarbeitung personenbezogener Daten unter seiner Verantwortung und ausdr\u00fccklich an die in Artikel 5 der DSGVO beschriebenen Grunds\u00e4tze, nach denen sie in rechtm\u00e4\u00dfiger, fairer und gegen\u00fcber dem Betroffenen transparenter Weise verarbeitet werden und die Daten f\u00fcr die Zwecke, f\u00fcr die sie verarbeitet werden, geeignet, relevant und auf das erforderliche Ma\u00df beschr\u00e4nkt sind.<\/p>\n<p>Der VERANTWORTLICHE stellt sicher, dass er angemessene technische und organisatorische Richtlinien eingef\u00fchrt hat, um sicherzustellen, dass die durch die DSGVO und das LOPDGDD festgelegten Sicherheitsma\u00dfnahmen zum Schutz der Rechte und Freiheiten der BENUTZER zur Anwendung kommen, und hat ihnen angemessene Informationen zur Verf\u00fcgung gestellt, damit sie diese aus\u00fcben k\u00f6nnen.<\/p>\n<p>F\u00fcr weitere Informationen \u00fcber die Datenschutzgarantien k\u00f6nnen Sie sich wie folgt an den VERANTWORTLICHEN wenden:<\/p>\n<p>EMKA MANUFACTURING, S.L. CALLE JUPITER, N\u00ba 3 \u2013 28936 MOSTOLES (Madrid). E-Mail: mariely@emkamf.es<\/p>\n<\/div><\/div><style type=\"text\/css\">.fusion-body .fusion-builder-column-1{width:100% !important;margin-top : 0px;margin-bottom : 20px;}.fusion-builder-column-1 > .fusion-column-wrapper {padding-top : 4% !important;padding-right : 0px !important;margin-right : 1.92%;padding-bottom : 0px !important;padding-left : 0px !important;margin-left : 1.92%;}@media only screen and (max-width:800px) {.fusion-body .fusion-builder-column-1{width:100% !important;order : 0;}.fusion-builder-column-1 > .fusion-column-wrapper {margin-right : 1.92%;margin-left : 1.92%;}}@media only screen and (max-width:640px) {.fusion-body .fusion-builder-column-1{width:100% !important;order : 0;}.fusion-builder-column-1 > .fusion-column-wrapper {margin-right : 1.92%;margin-left : 1.92%;}}<\/style><\/div><\/div><style type=\"text\/css\">.fusion-body .fusion-flex-container.fusion-builder-row-2{ padding-top : 0px;margin-top : 0px;padding-right : 0px;padding-bottom : 0px;margin-bottom : 0px;padding-left : 0px;}<\/style><\/div><\/p>\n","protected":false},"excerpt":{"rendered":"","protected":false},"author":1,"featured_media":0,"parent":0,"menu_order":0,"comment_status":"closed","ping_status":"closed","template":"100-width.php","meta":{"footnotes":""},"class_list":["post-2404","page","type-page","status-publish","hentry"],"yoast_head":"<!-- This site is optimized with the Yoast SEO plugin v27.4 - https:\/\/yoast.com\/product\/yoast-seo-wordpress\/ -->\n<title>DATENSCHUTZPOLITIK - EMKA<\/title>\n<meta name=\"robots\" content=\"index, follow, max-snippet:-1, max-image-preview:large, max-video-preview:-1\" \/>\n<link rel=\"canonical\" href=\"https:\/\/emkamf.es\/DE\/datenschutzpolitik\/\" \/>\n<meta property=\"og:locale\" content=\"es_ES\" \/>\n<meta property=\"og:type\" content=\"article\" \/>\n<meta property=\"og:title\" content=\"DATENSCHUTZPOLITIK - EMKA\" \/>\n<meta property=\"og:url\" content=\"https:\/\/emkamf.es\/DE\/datenschutzpolitik\/\" \/>\n<meta property=\"og:site_name\" content=\"EMKA\" \/>\n<meta property=\"article:modified_time\" content=\"2021-09-12T14:42:10+00:00\" \/>\n<meta name=\"twitter:card\" content=\"summary_large_image\" \/>\n<meta name=\"twitter:label1\" content=\"Tiempo de lectura\" \/>\n\t<meta name=\"twitter:data1\" content=\"11 minutos\" \/>\n<script type=\"application\/ld+json\" class=\"yoast-schema-graph\">{\"@context\":\"https:\\\/\\\/schema.org\",\"@graph\":[{\"@type\":\"WebPage\",\"@id\":\"https:\\\/\\\/emkamf.es\\\/DE\\\/datenschutzpolitik\\\/\",\"url\":\"https:\\\/\\\/emkamf.es\\\/DE\\\/datenschutzpolitik\\\/\",\"name\":\"DATENSCHUTZPOLITIK - EMKA\",\"isPartOf\":{\"@id\":\"https:\\\/\\\/emkamf.es\\\/DE\\\/#website\"},\"datePublished\":\"2021-07-29T18:46:45+00:00\",\"dateModified\":\"2021-09-12T14:42:10+00:00\",\"breadcrumb\":{\"@id\":\"https:\\\/\\\/emkamf.es\\\/DE\\\/datenschutzpolitik\\\/#breadcrumb\"},\"inLanguage\":\"es\",\"potentialAction\":[{\"@type\":\"ReadAction\",\"target\":[\"https:\\\/\\\/emkamf.es\\\/DE\\\/datenschutzpolitik\\\/\"]}]},{\"@type\":\"BreadcrumbList\",\"@id\":\"https:\\\/\\\/emkamf.es\\\/DE\\\/datenschutzpolitik\\\/#breadcrumb\",\"itemListElement\":[{\"@type\":\"ListItem\",\"position\":1,\"name\":\"Home\",\"item\":\"https:\\\/\\\/emkamf.es\\\/DE\\\/\"},{\"@type\":\"ListItem\",\"position\":2,\"name\":\"DATENSCHUTZPOLITIK\"}]},{\"@type\":\"WebSite\",\"@id\":\"https:\\\/\\\/emkamf.es\\\/DE\\\/#website\",\"url\":\"https:\\\/\\\/emkamf.es\\\/DE\\\/\",\"name\":\"EMKA\",\"description\":\"Consultor\u00eda T\u00e9cnica, Log\u00edstica y transporte\",\"potentialAction\":[{\"@type\":\"SearchAction\",\"target\":{\"@type\":\"EntryPoint\",\"urlTemplate\":\"https:\\\/\\\/emkamf.es\\\/DE\\\/?s={search_term_string}\"},\"query-input\":{\"@type\":\"PropertyValueSpecification\",\"valueRequired\":true,\"valueName\":\"search_term_string\"}}],\"inLanguage\":\"es\"}]}<\/script>\n<!-- \/ Yoast SEO plugin. -->","yoast_head_json":{"title":"DATENSCHUTZPOLITIK - EMKA","robots":{"index":"index","follow":"follow","max-snippet":"max-snippet:-1","max-image-preview":"max-image-preview:large","max-video-preview":"max-video-preview:-1"},"canonical":"https:\/\/emkamf.es\/DE\/datenschutzpolitik\/","og_locale":"es_ES","og_type":"article","og_title":"DATENSCHUTZPOLITIK - EMKA","og_url":"https:\/\/emkamf.es\/DE\/datenschutzpolitik\/","og_site_name":"EMKA","article_modified_time":"2021-09-12T14:42:10+00:00","twitter_card":"summary_large_image","twitter_misc":{"Tiempo de lectura":"11 minutos"},"schema":{"@context":"https:\/\/schema.org","@graph":[{"@type":"WebPage","@id":"https:\/\/emkamf.es\/DE\/datenschutzpolitik\/","url":"https:\/\/emkamf.es\/DE\/datenschutzpolitik\/","name":"DATENSCHUTZPOLITIK - EMKA","isPartOf":{"@id":"https:\/\/emkamf.es\/DE\/#website"},"datePublished":"2021-07-29T18:46:45+00:00","dateModified":"2021-09-12T14:42:10+00:00","breadcrumb":{"@id":"https:\/\/emkamf.es\/DE\/datenschutzpolitik\/#breadcrumb"},"inLanguage":"es","potentialAction":[{"@type":"ReadAction","target":["https:\/\/emkamf.es\/DE\/datenschutzpolitik\/"]}]},{"@type":"BreadcrumbList","@id":"https:\/\/emkamf.es\/DE\/datenschutzpolitik\/#breadcrumb","itemListElement":[{"@type":"ListItem","position":1,"name":"Home","item":"https:\/\/emkamf.es\/DE\/"},{"@type":"ListItem","position":2,"name":"DATENSCHUTZPOLITIK"}]},{"@type":"WebSite","@id":"https:\/\/emkamf.es\/DE\/#website","url":"https:\/\/emkamf.es\/DE\/","name":"EMKA","description":"Consultor\u00eda T\u00e9cnica, Log\u00edstica y transporte","potentialAction":[{"@type":"SearchAction","target":{"@type":"EntryPoint","urlTemplate":"https:\/\/emkamf.es\/DE\/?s={search_term_string}"},"query-input":{"@type":"PropertyValueSpecification","valueRequired":true,"valueName":"search_term_string"}}],"inLanguage":"es"}]}},"_links":{"self":[{"href":"https:\/\/emkamf.es\/DE\/wp-json\/wp\/v2\/pages\/2404","targetHints":{"allow":["GET"]}}],"collection":[{"href":"https:\/\/emkamf.es\/DE\/wp-json\/wp\/v2\/pages"}],"about":[{"href":"https:\/\/emkamf.es\/DE\/wp-json\/wp\/v2\/types\/page"}],"author":[{"embeddable":true,"href":"https:\/\/emkamf.es\/DE\/wp-json\/wp\/v2\/users\/1"}],"replies":[{"embeddable":true,"href":"https:\/\/emkamf.es\/DE\/wp-json\/wp\/v2\/comments?post=2404"}],"version-history":[{"count":19,"href":"https:\/\/emkamf.es\/DE\/wp-json\/wp\/v2\/pages\/2404\/revisions"}],"predecessor-version":[{"id":2702,"href":"https:\/\/emkamf.es\/DE\/wp-json\/wp\/v2\/pages\/2404\/revisions\/2702"}],"wp:attachment":[{"href":"https:\/\/emkamf.es\/DE\/wp-json\/wp\/v2\/media?parent=2404"}],"curies":[{"name":"wp","href":"https:\/\/api.w.org\/{rel}","templated":true}]}}