{"id":2391,"date":"2021-07-29T17:28:51","date_gmt":"2021-07-29T17:28:51","guid":{"rendered":"https:\/\/emkamf.es\/?page_id=2391"},"modified":"2021-09-12T14:00:08","modified_gmt":"2021-09-12T14:00:08","slug":"rechtlicher-hinweis","status":"publish","type":"page","link":"https:\/\/emkamf.es\/DE\/rechtlicher-hinweis\/","title":{"rendered":"RECHTLICHER HINWEIS"},"content":{"rendered":"<p><div class=\"fusion-fullwidth fullwidth-box fusion-builder-row-1 fusion-flex-container hundred-percent-fullwidth non-hundred-percent-height-scrolling\" style=\"background-color: #6794c7;background-position: center center;background-repeat: no-repeat;border-width: 0px 0px 0px 0px;border-color:#eae9e9;border-style:solid;\" ><div class=\"fusion-builder-row fusion-row fusion-flex-align-items-center fusion-flex-align-content-center fusion-flex-justify-content-center\" style=\"width:104% !important;max-width:104% !important;margin-left: calc(-4% \/ 2 );margin-right: calc(-4% \/ 2 );\"><div class=\"fusion-layout-column fusion_builder_column fusion-builder-column-0 fusion_builder_column_1_1 1_1 fusion-flex-column fusion-flex-align-self-stretch\"><div class=\"fusion-column-wrapper fusion-flex-justify-content-center fusion-content-layout-column\" style=\"background-position:left top;background-repeat:no-repeat;-webkit-background-size:cover;-moz-background-size:cover;-o-background-size:cover;background-size:cover;padding: 0px 0px 0px 0px;\"><div class=\"fusion-text fusion-text-1\"><h1 style=\"text-align: center;\"><span style=\"color: #ffffff;\">LEGAL NOTICE<br \/>\n<\/span><\/h1>\n<\/div><\/div><style type=\"text\/css\">.fusion-body .fusion-builder-column-0{width:100% !important;margin-top : 0px;margin-bottom : 0px;}.fusion-builder-column-0 > .fusion-column-wrapper {padding-top : 0px !important;padding-right : 0px !important;margin-right : 1.92%;padding-bottom : 0px !important;padding-left : 0px !important;margin-left : 1.92%;}@media only screen and (max-width:800px) {.fusion-body .fusion-builder-column-0{width:100% !important;order : 0;}.fusion-builder-column-0 > .fusion-column-wrapper {margin-right : 1.92%;margin-left : 1.92%;}}@media only screen and (max-width:640px) {.fusion-body .fusion-builder-column-0{width:100% !important;order : 0;}.fusion-builder-column-0 > .fusion-column-wrapper {margin-right : 1.92%;margin-left : 1.92%;}}<\/style><\/div><\/div><style type=\"text\/css\">.fusion-body .fusion-flex-container.fusion-builder-row-1{ padding-top : 0px;margin-top : 0px;padding-right : 0px;padding-bottom : 0px;margin-bottom : 0px;padding-left : 0px;}<\/style><\/div><div class=\"fusion-fullwidth fullwidth-box fusion-builder-row-2 fusion-flex-container nonhundred-percent-fullwidth non-hundred-percent-height-scrolling\" style=\"background-color: #ffffff;background-position: center center;background-repeat: no-repeat;border-width: 0px 0px 0px 0px;border-color:#eae9e9;border-style:solid;\" ><div class=\"fusion-builder-row fusion-row fusion-flex-align-items-flex-start\" style=\"max-width:1144px;margin-left: calc(-4% \/ 2 );margin-right: calc(-4% \/ 2 );\"><div class=\"fusion-layout-column fusion_builder_column fusion-builder-column-1 fusion_builder_column_1_1 1_1 fusion-flex-column\"><div class=\"fusion-column-wrapper fusion-flex-justify-content-flex-start fusion-content-layout-column\" style=\"background-position:left top;background-repeat:no-repeat;-webkit-background-size:cover;-moz-background-size:cover;-o-background-size:cover;background-size:cover;padding: 4% 0px 0px 0px;\"><div class=\"fusion-text fusion-text-2\"><h2><b>DIENSTLEISTUNGEN DER INFORMATIONSGESELLSCHAFT (LSSI)<\/b><\/h2>\n<p>EMKA MANUFACTURING, S.L., der f\u00fcr die Website Verantwortliche, nachfolgend der VERANTWORTLICHE, stellt den Nutzern das vorliegende Dokument zur Verf\u00fcgung um die die Pflichten des spanischen Gesetzes 34\/2002 vom 11. Juli \u00fcber Dienstleistungen der Informationsgesellschaft und des Elektronischen Handels (LSSICE), spanisches Amtsblatt BOE Nr. 166, zu erf\u00fcllen und um alle Benutzer der Website \u00fcber die Nutzungsbedingungen zu informieren.<\/p>\n<p>Jeder, der auf diese Website zugreift, \u00fcbernimmt damit die Rolle des Benutzers und verpflichtet sich zur Einhaltung und strengen Befolgung der hier dargestellten Bestimmungen sowie aller sonstigen zur Anwendung kommenden rechtlichen Bestimmungen.<\/p>\n<p>MANUFACTURING, S.L. beh\u00e4lt sich das Recht vor, alle Informationen auf der Website ohne Vorank\u00fcndigung zu \u00e4ndern. Den Benutzern brauchen diese Pflichten nicht mitgeteilt zu werden, sondern es reicht ihre Ver\u00f6ffentlichung auf der Website von EMKA MANUFACTURING, S.L.<\/p>\n<ol>\n<li aria-level=\"1\">\n<h3><b>KENNDATEN<\/b><b><br \/><\/b><\/h3>\n<\/li>\n<\/ol>\n<p>Domainname: emkamf.es<\/p>\n<p>Handelsname: EMKA MANUFACTURING, S.L.<\/p>\n<p>Firmenname: EMKA MANUFACTURING, S.L.<\/p>\n<p>Steuernummer (NIF): B83937573<\/p>\n<p>Stammsitz der Gesellschaft: CALLE JUPITER N\u00ba 3, 28936 MOSTOLES (MADRID)<\/p>\n<p>Rufnummer: 91.616.99.81<\/p>\n<p>E-Mail: mariely@emkamf.es<\/p>\n<ol start=\"2\">\n<li aria-level=\"1\">\n<h3><b>GEISTIGE UND GEWERBLICHE EIGENTUMSRECHTE<\/b><b><br \/><\/b><\/h3>\n<\/li>\n<\/ol>\n<p>Die Website einschlie\u00dflich ihrer Programmierung, Herausgabe, Erfassung und sonstigen f\u00fcr ihr Funktionieren notwendigen Elemente, Designs, Logos, Text und\/oder Graphiken u. a. sind Eigentum des VERANTWORTLICHEN bzw. verf\u00fcgen ggf. \u00fcber die Lizenz oder ausdr\u00fcckliche Genehmigung der Autoren. Alle Inhalte der Website sind ordnungsgem\u00e4\u00df durch die Norm f\u00fcr geistiges und gewerbliches Eigentum gesch\u00fctzt und in den entsprechenden \u00f6ffentlichen Registern eingetragen.<\/p>\n<p>Unabh\u00e4ngig von dem Zweck, f\u00fcr den sie bestimmt sind, bed\u00fcrfen die ganze oder vollst\u00e4ndige Wiedergabe, Nutzung, Betreibung, Verbreitung und Vermarktung auf jeden Fall der vorherigen schriftlichen Genehmigung des VERANTWORTLICHEN. Jegliche nicht im Vorfeld genehmigte Nutzung gilt als schwerer Versto\u00df gegen die Rechte geistigen oder gewerblichen Eigentums des Autors.<\/p>\n<p>Die Designs, Logos, Texte und\/oder Graphiken, die nicht dem VERANTWORTLICHEN geh\u00f6ren und die auf der Website angezeigt werden, geh\u00f6ren ihren jeweiligen Besitzern. Somit sind bei jedem Streitfall, der im ihm Zusammenhang mit ihnen aufkommt, sie selbst verantwortlich. Der VERANTWORTLICHE erm\u00e4chtigt Dritte ausdr\u00fccklich, direkt auf die spezifischen Inhalte der Website zu verweisen und in jedem Fall auf die Hauptseite von emkamf.es zu f\u00fchren.<\/p>\n<p>Der VERANTWORTLICHE erkennt zugunsten seiner Inhaber die entsprechenden Rechte an geistigem und gewerblichem Eigentum an, wobei deren blo\u00dfe Erw\u00e4hnung oder Erscheinen auf der Website nicht das Bestehen von Rechten oder Verantwortlichkeiten daran oder dessen Unterst\u00fctzung, Sponsoring oder Empfehlung bedeutet.<\/p>\n<p>Alle Hinweise auf m\u00f6gliche Verst\u00f6\u00dfe gegen Rechte geistigen oder gewerblichen Eigentums und zu allen Inhalten der Website k\u00f6nnen an die E-Mail-Adresse mariely@emkamf.es geschickt werden.<\/p>\n<ol start=\"3\">\n<li aria-level=\"1\">\n<h3><b>HAFTUNGSAUSSCHLUSS<\/b><b><br \/><\/b><\/h3>\n<\/li>\n<\/ol>\n<p>Der VERANTWORTLICHE schlie\u00dft jegliche Haftung im Zuge der auf seiner Website ver\u00f6ffentlichten Information aus, sofern diese von einem au\u00dfenstehenden Dritten manipuliert oder eingef\u00fchrt wurde.<\/p>\n<h4><b>Verwendung von Cookies<\/b><\/h4>\n<p>Diese Website kann technische Cookies (kleine Informationsdateien, die der Server an den Computer der Person sendet, die auf die Seite zugreift) verwenden, um bestimmte Funktionen auszuf\u00fchren, die als wesentlich f\u00fcr das korrekte Funktionieren und die Anzeige der Website angesehen werden. Die verwendeten Cookies sind in jedem Fall tempor\u00e4rer Natur und dienen dem alleinigen Zweck, das Surfen effizienter zu gestalten, und verschwinden, wenn die Sitzung des Benutzers endet. Auf keinen Fall liefern diese Cookies selbst personenbezogene Daten oder werden f\u00fcr die Erhebung personenbezogener Daten verwendet.<\/p>\n<p>Durch die Verwendung von Cookies ist es auch m\u00f6glich, dass der Server, auf dem sich die Website befindet, den vom Benutzer verwendeten Browser wiedererkennt, um die Navigation zu erleichtern, so dass z. B. Benutzer, die sich zuvor registriert haben, Zugang zu exklusiv f\u00fcr sie reservierten Bereichen, Diensten, Aktionen oder Wettbewerben erhalten, ohne sich bei jedem Besuch erneut registrieren zu brauchen.<\/p>\n<p>Sie k\u00f6nnen auch zur Messung des Publikums, des Aufkommens, zur Kontrolle des Verlaufs und der Anzahl der Eintr\u00e4ge usw. verwendet werden. In diesem Fall handelt es sich um technisch \u00fcberfl\u00fcssige jedoch f\u00fcr den Benutzer n\u00fctzliche Cookies. Diese Website wird ohne vorherige Zustimmung des Nutzers keine f\u00fcr den Nutzer entbehrlichen Cookies<\/p>\n<p>Der Nutzer hat die M\u00f6glichkeit, seinen Browser so zu konfigurieren, dass er \u00fcber den Empfang von Cookies informiert wird und deren Installation auf seinem Ger\u00e4t verhindern kann. In den Anweisungen Ihres Browsers finden Sie weitergehende Informationen dazu.<\/p>\n<p>Link-Politik: Es kann sein, dass man zu Inhalten dritter Websites geleitet wird. Da der VERANTWORTLICHE die Inhalte Dritter auf deren jeweiligen Websites nicht immer kontrollieren kann, \u00fcbernimmt er keinerlei Verantwortung f\u00fcr diese Inhalte. Auf jeden Fall wird er alle Inhalte sofort entfernen, die gegen nationales oder internationales Recht, die Moral oder die \u00f6ffentliche Ordnung versto\u00dfen, indem er den Link zu dieser Website sofort entfernen und den zust\u00e4ndigen Beh\u00f6rden den jeweiligen Inhalt mitteilen wird.<\/p>\n<p>Der VERANTWORTLICHE \u00fcbernimmt keine Haftung f\u00fcr die Informationen und Inhalte, die u. a. in Foren, Chats, Blog-Generatoren, Kommentaren, sozialen Netzwerken oder sonstigen Medien, mit denen Dritten unabh\u00e4ngig Inhalte auf der Webseite des VERANTWORTLICHEN ver\u00f6ffentlichen k\u00f6nnen, gespeichert sind. Im Sinne von Artikel 11 und 16 des LSSICE stellt er sich jedoch allen Benutzern, Beh\u00f6rden und Sicherheitskr\u00e4ften zur Verf\u00fcgung und arbeitet aktiv an der Entfernung bzw. Sperrung aller Inhalte mit, die das das nationale oder internationale Recht, Anspr\u00fcche Dritter oder die Moral und die \u00f6ffentliche Ordnung verletzen bzw. gegen diese versto\u00dfen k\u00f6nnten. Ist der Nutzer der Meinung, dass es auf der Website einen Inhalt gibt, der unter diese Einstufung f\u00e4llt, m\u00f6ge er dies bitte sofort dem Site-Administrator mitteilen.<\/p>\n<p>Diese Website wurde auf ihr richtiges Funktionieren \u00fcberpr\u00fcft und ausprobiert. Im Prinzip kann ihr korrekter Betrieb an 365 Tagen im Jahr rund um die Uhr gew\u00e4hrleistet werden. Der VERANTWORTLICHE kann allerdings die M\u00f6glichkeit von bestimmten Programmierungsfehlern, H\u00f6herer Gewalt, Naturkatastrophen, Streiks oder \u00e4hnlichen Umst\u00e4nden, die den Zugriff auf die Webseite verhindern, nicht ausschlie\u00dfen.<\/p>\n<p>IP-Adressen: Die Server der Internetseite k\u00f6nnen die IP-Adresse und den vom Nutzer verwendeten Domainnamen automatisch feststellen. Eine IP-Adresse ist eine Nummer, die einem Computer, wenn er eine Internetverbindung herstellt, automatisch zugewiesen wird. Alle diese Informationen werden in einer Serveraktivit\u00e4tsdatei gespeichert, mit der sich die Daten sp\u00e4ter verarbeiten lassen, um rein statistische Messungen zu erhalten, mit denen sich die Anzahl der Seitenausdrucke, die Anzahl der Besuche der Webdienstleistungen, die Besuchsreihenfolge, der Zugangspunkt u. a. herausfinden lassen.<\/p>\n<ol start=\"4\">\n<li>\n<h3><b>ANWENDBARES RECHT UND GERICHTSSTAND<\/b><\/h3>\n<\/li>\n<\/ol>\n<p>F\u00fcr die Beilegung von allen Streitf\u00e4llen oder Fragen im Zusammenhang mit dieser Website oder den darauf ausgef\u00fchrten Gesch\u00e4ftst\u00e4tigkeiten kommt spanisches Recht zur Anwendung, dem sich die Parteien ausdr\u00fccklich unterwerfen. F\u00fcr die Beilegung aller Konflikte im Zuge oder im Zusammenhang mit ihrer Nutzung sind die Gerichte des Sitzes des BENUTZERS oder des Erf\u00fcllungsortes der Verpflichtung zust\u00e4ndig.<\/p>\n<\/div><\/div><style type=\"text\/css\">.fusion-body .fusion-builder-column-1{width:100% !important;margin-top : 0px;margin-bottom : 20px;}.fusion-builder-column-1 > .fusion-column-wrapper {padding-top : 4% !important;padding-right : 0px !important;margin-right : 1.92%;padding-bottom : 0px !important;padding-left : 0px !important;margin-left : 1.92%;}@media only screen and (max-width:800px) {.fusion-body .fusion-builder-column-1{width:100% !important;order : 0;}.fusion-builder-column-1 > .fusion-column-wrapper {margin-right : 1.92%;margin-left : 1.92%;}}@media only screen and (max-width:640px) {.fusion-body .fusion-builder-column-1{width:100% !important;order : 0;}.fusion-builder-column-1 > .fusion-column-wrapper {margin-right : 1.92%;margin-left : 1.92%;}}<\/style><\/div><\/div><style type=\"text\/css\">.fusion-body .fusion-flex-container.fusion-builder-row-2{ padding-top : 0px;margin-top : 0px;padding-right : 0px;padding-bottom : 0px;margin-bottom : 0px;padding-left : 0px;}<\/style><\/div><\/p>\n","protected":false},"excerpt":{"rendered":"","protected":false},"author":1,"featured_media":0,"parent":0,"menu_order":0,"comment_status":"closed","ping_status":"closed","template":"100-width.php","meta":{"footnotes":""},"class_list":["post-2391","page","type-page","status-publish","hentry"],"yoast_head":"<!-- This site is optimized with the Yoast SEO plugin v27.3 - https:\/\/yoast.com\/product\/yoast-seo-wordpress\/ -->\n<title>RECHTLICHER HINWEIS - EMKA<\/title>\n<meta name=\"robots\" content=\"index, follow, max-snippet:-1, max-image-preview:large, max-video-preview:-1\" \/>\n<link rel=\"canonical\" href=\"https:\/\/emkamf.es\/DE\/rechtlicher-hinweis\/\" \/>\n<meta property=\"og:locale\" content=\"es_ES\" \/>\n<meta property=\"og:type\" content=\"article\" \/>\n<meta property=\"og:title\" content=\"RECHTLICHER HINWEIS - EMKA\" \/>\n<meta property=\"og:url\" content=\"https:\/\/emkamf.es\/DE\/rechtlicher-hinweis\/\" \/>\n<meta property=\"og:site_name\" content=\"EMKA\" \/>\n<meta property=\"article:modified_time\" content=\"2021-09-12T14:00:08+00:00\" \/>\n<meta name=\"twitter:card\" content=\"summary_large_image\" \/>\n<meta name=\"twitter:label1\" content=\"Tiempo de lectura\" \/>\n\t<meta name=\"twitter:data1\" content=\"12 minutos\" \/>\n<script type=\"application\/ld+json\" class=\"yoast-schema-graph\">{\"@context\":\"https:\\\/\\\/schema.org\",\"@graph\":[{\"@type\":\"WebPage\",\"@id\":\"https:\\\/\\\/emkamf.es\\\/DE\\\/rechtlicher-hinweis\\\/\",\"url\":\"https:\\\/\\\/emkamf.es\\\/DE\\\/rechtlicher-hinweis\\\/\",\"name\":\"RECHTLICHER HINWEIS - EMKA\",\"isPartOf\":{\"@id\":\"https:\\\/\\\/emkamf.es\\\/DE\\\/#website\"},\"datePublished\":\"2021-07-29T17:28:51+00:00\",\"dateModified\":\"2021-09-12T14:00:08+00:00\",\"breadcrumb\":{\"@id\":\"https:\\\/\\\/emkamf.es\\\/DE\\\/rechtlicher-hinweis\\\/#breadcrumb\"},\"inLanguage\":\"es\",\"potentialAction\":[{\"@type\":\"ReadAction\",\"target\":[\"https:\\\/\\\/emkamf.es\\\/DE\\\/rechtlicher-hinweis\\\/\"]}]},{\"@type\":\"BreadcrumbList\",\"@id\":\"https:\\\/\\\/emkamf.es\\\/DE\\\/rechtlicher-hinweis\\\/#breadcrumb\",\"itemListElement\":[{\"@type\":\"ListItem\",\"position\":1,\"name\":\"Home\",\"item\":\"https:\\\/\\\/emkamf.es\\\/DE\\\/\"},{\"@type\":\"ListItem\",\"position\":2,\"name\":\"RECHTLICHER HINWEIS\"}]},{\"@type\":\"WebSite\",\"@id\":\"https:\\\/\\\/emkamf.es\\\/DE\\\/#website\",\"url\":\"https:\\\/\\\/emkamf.es\\\/DE\\\/\",\"name\":\"EMKA\",\"description\":\"Consultor\u00eda T\u00e9cnica, Log\u00edstica y transporte\",\"potentialAction\":[{\"@type\":\"SearchAction\",\"target\":{\"@type\":\"EntryPoint\",\"urlTemplate\":\"https:\\\/\\\/emkamf.es\\\/DE\\\/?s={search_term_string}\"},\"query-input\":{\"@type\":\"PropertyValueSpecification\",\"valueRequired\":true,\"valueName\":\"search_term_string\"}}],\"inLanguage\":\"es\"}]}<\/script>\n<!-- \/ Yoast SEO plugin. -->","yoast_head_json":{"title":"RECHTLICHER HINWEIS - EMKA","robots":{"index":"index","follow":"follow","max-snippet":"max-snippet:-1","max-image-preview":"max-image-preview:large","max-video-preview":"max-video-preview:-1"},"canonical":"https:\/\/emkamf.es\/DE\/rechtlicher-hinweis\/","og_locale":"es_ES","og_type":"article","og_title":"RECHTLICHER HINWEIS - EMKA","og_url":"https:\/\/emkamf.es\/DE\/rechtlicher-hinweis\/","og_site_name":"EMKA","article_modified_time":"2021-09-12T14:00:08+00:00","twitter_card":"summary_large_image","twitter_misc":{"Tiempo de lectura":"12 minutos"},"schema":{"@context":"https:\/\/schema.org","@graph":[{"@type":"WebPage","@id":"https:\/\/emkamf.es\/DE\/rechtlicher-hinweis\/","url":"https:\/\/emkamf.es\/DE\/rechtlicher-hinweis\/","name":"RECHTLICHER HINWEIS - EMKA","isPartOf":{"@id":"https:\/\/emkamf.es\/DE\/#website"},"datePublished":"2021-07-29T17:28:51+00:00","dateModified":"2021-09-12T14:00:08+00:00","breadcrumb":{"@id":"https:\/\/emkamf.es\/DE\/rechtlicher-hinweis\/#breadcrumb"},"inLanguage":"es","potentialAction":[{"@type":"ReadAction","target":["https:\/\/emkamf.es\/DE\/rechtlicher-hinweis\/"]}]},{"@type":"BreadcrumbList","@id":"https:\/\/emkamf.es\/DE\/rechtlicher-hinweis\/#breadcrumb","itemListElement":[{"@type":"ListItem","position":1,"name":"Home","item":"https:\/\/emkamf.es\/DE\/"},{"@type":"ListItem","position":2,"name":"RECHTLICHER HINWEIS"}]},{"@type":"WebSite","@id":"https:\/\/emkamf.es\/DE\/#website","url":"https:\/\/emkamf.es\/DE\/","name":"EMKA","description":"Consultor\u00eda T\u00e9cnica, Log\u00edstica y transporte","potentialAction":[{"@type":"SearchAction","target":{"@type":"EntryPoint","urlTemplate":"https:\/\/emkamf.es\/DE\/?s={search_term_string}"},"query-input":{"@type":"PropertyValueSpecification","valueRequired":true,"valueName":"search_term_string"}}],"inLanguage":"es"}]}},"_links":{"self":[{"href":"https:\/\/emkamf.es\/DE\/wp-json\/wp\/v2\/pages\/2391","targetHints":{"allow":["GET"]}}],"collection":[{"href":"https:\/\/emkamf.es\/DE\/wp-json\/wp\/v2\/pages"}],"about":[{"href":"https:\/\/emkamf.es\/DE\/wp-json\/wp\/v2\/types\/page"}],"author":[{"embeddable":true,"href":"https:\/\/emkamf.es\/DE\/wp-json\/wp\/v2\/users\/1"}],"replies":[{"embeddable":true,"href":"https:\/\/emkamf.es\/DE\/wp-json\/wp\/v2\/comments?post=2391"}],"version-history":[{"count":14,"href":"https:\/\/emkamf.es\/DE\/wp-json\/wp\/v2\/pages\/2391\/revisions"}],"predecessor-version":[{"id":2691,"href":"https:\/\/emkamf.es\/DE\/wp-json\/wp\/v2\/pages\/2391\/revisions\/2691"}],"wp:attachment":[{"href":"https:\/\/emkamf.es\/DE\/wp-json\/wp\/v2\/media?parent=2391"}],"curies":[{"name":"wp","href":"https:\/\/api.w.org\/{rel}","templated":true}]}}