{"id":2367,"date":"2021-07-29T16:12:24","date_gmt":"2021-07-29T16:12:24","guid":{"rendered":"https:\/\/emkamf.es\/?page_id=2367"},"modified":"2021-10-26T10:57:49","modified_gmt":"2021-10-26T10:57:49","slug":"cookies-politik","status":"publish","type":"page","link":"https:\/\/emkamf.es\/DE\/cookies-politik\/","title":{"rendered":"COOKIES-POLITIK"},"content":{"rendered":"<p><div class=\"fusion-fullwidth fullwidth-box fusion-builder-row-1 fusion-flex-container hundred-percent-fullwidth non-hundred-percent-height-scrolling\" style=\"background-color: #6794c7;background-position: center center;background-repeat: no-repeat;border-width: 0px 0px 0px 0px;border-color:#eae9e9;border-style:solid;\" ><div class=\"fusion-builder-row fusion-row fusion-flex-align-items-center fusion-flex-align-content-center fusion-flex-justify-content-center\" style=\"width:104% !important;max-width:104% !important;margin-left: calc(-4% \/ 2 );margin-right: calc(-4% \/ 2 );\"><div class=\"fusion-layout-column fusion_builder_column fusion-builder-column-0 fusion_builder_column_1_1 1_1 fusion-flex-column fusion-flex-align-self-stretch\"><div class=\"fusion-column-wrapper fusion-flex-justify-content-center fusion-content-layout-column\" style=\"background-position:left top;background-repeat:no-repeat;-webkit-background-size:cover;-moz-background-size:cover;-o-background-size:cover;background-size:cover;padding: 0px 0px 0px 0px;\"><div class=\"fusion-text fusion-text-1\" style=\"text-transform:none;\"><h1 style=\"text-align: center;\"><span style=\"color: #ffffff;\">COOKIES-POLITIK<\/span><\/h1>\n<\/div><\/div><style type=\"text\/css\">.fusion-body .fusion-builder-column-0{width:100% !important;margin-top : 0px;margin-bottom : 0px;}.fusion-builder-column-0 > .fusion-column-wrapper {padding-top : 0px !important;padding-right : 0px !important;margin-right : 1.92%;padding-bottom : 0px !important;padding-left : 0px !important;margin-left : 1.92%;}@media only screen and (max-width:800px) {.fusion-body .fusion-builder-column-0{width:100% !important;order : 0;}.fusion-builder-column-0 > .fusion-column-wrapper {margin-right : 1.92%;margin-left : 1.92%;}}@media only screen and (max-width:640px) {.fusion-body .fusion-builder-column-0{width:100% !important;order : 0;}.fusion-builder-column-0 > .fusion-column-wrapper {margin-right : 1.92%;margin-left : 1.92%;}}<\/style><\/div><\/div><style type=\"text\/css\">.fusion-body .fusion-flex-container.fusion-builder-row-1{ padding-top : 0px;margin-top : 0px;padding-right : 0px;padding-bottom : 0px;margin-bottom : 0px;padding-left : 0px;}<\/style><\/div><div class=\"fusion-fullwidth fullwidth-box fusion-builder-row-2 fusion-flex-container nonhundred-percent-fullwidth non-hundred-percent-height-scrolling\" style=\"background-color: #ffffff;background-position: center center;background-repeat: no-repeat;border-width: 0px 0px 0px 0px;border-color:#eae9e9;border-style:solid;\" ><div class=\"fusion-builder-row fusion-row fusion-flex-align-items-flex-start\" style=\"max-width:1144px;margin-left: calc(-4% \/ 2 );margin-right: calc(-4% \/ 2 );\"><div class=\"fusion-layout-column fusion_builder_column fusion-builder-column-1 fusion_builder_column_1_1 1_1 fusion-flex-column\"><div class=\"fusion-column-wrapper fusion-flex-justify-content-flex-start fusion-content-layout-column\" style=\"background-position:left top;background-repeat:no-repeat;-webkit-background-size:cover;-moz-background-size:cover;-o-background-size:cover;background-size:cover;padding: 4% 0px 0px 0px;\"><div class=\"fusion-text fusion-text-2\" style=\"text-transform:none;\"><p>Emka informiert \u00fcber die Verwendung von Cookies auf seiner Website: www.emkamf.es<\/p>\n<h3><b>Was sind Cookies?<\/b><\/h3>\n<p>Cookies sind Dateien, die von Websites auf Ihren Computer heruntergeladen werden k\u00f6nnen. Sie spielen als Instrumente eine wesentliche Rolle bei der Bereitstellung vieler Dienste der Informationsgesellschaft. Sie erm\u00f6glichen es einer Website unter anderem, Informationen \u00fcber die Surfgewohnheiten eines Nutzers oder seiner Ger\u00e4te zu speichern und abzurufen, und k\u00f6nnen je nach den erhaltenen Informationen dazu verwendet werden, den Nutzer wiederzuerkennen und den angebotenen Dienst zu verbessern.<\/p>\n<h3><b>Arten von Cookies<\/b><\/h3>\n<p>Je nach Einrichtung, die die Dom\u00e4ne verwaltet, von der die Cookies gesendet werden, und die die erhaltenen Daten verarbeitet, k\u00f6nnen zwei Arten von Cookies unterschieden werden:<\/p>\n<ul>\n<li>Eigene Cookies: Dabei handelt es sich um Cookies, die von einem vom Herausgeber selbst verwalteten Endger\u00e4t oder Dom\u00e4ne an den Computer oder das Ger\u00e4t des Benutzers, von denen aus der vom Benutzer angeforderte Dienst angeboten wird, gesendet werden.<\/li>\n<li>Cookies von Drittanbietern: Dies sind Cookies, die an den Computer oder das Ger\u00e4t des Benutzers von einem Computer oder einer Dom\u00e4ne aus, die nicht vom Herausgeber verwaltet wird, sondern von einer anderen Einheit, die die durch Cookies erhaltenen Daten verarbeitet, gesendet werden.<\/li>\n<\/ul>\n<p>Wenn die Cookies von einem Computer oder einer Dom\u00e4ne installiert werden, die vom Herausgeber selbst verwaltet wird, aber die durch sie gesammelten Informationen von einer dritten Partei verwaltet werden, k\u00f6nnen sie nicht als eigene Cookies betrachtet werden.<\/p>\n<p>Au\u00dferdem gibt es eine zweite Einteilung danach, wie lange die Cookies im Browser des Kunden gespeichert bleiben:<\/p>\n<ul>\n<li>Sitzungscookies: Sie dienen dazu, Daten zu sammeln und zu speichern, solange der Nutzer eine Webseite aufruft. Sie werden in der Regel verwendet, um Informationen zu speichern, die nur f\u00fcr die Erbringung der vom Nutzer einmalig angeforderten Dienstleistung relevant sind (z. B. eine Liste der gekauften Produkte).<\/li>\n<li>\u00a0Dauerhafte Cookies: Die Daten bleiben auf dem Endger\u00e4t gespeichert und k\u00f6nnen f\u00fcr einen von der f\u00fcr das Cookie verantwortlichen Partei festgelegten Zeitraum, der von einigen Minuten bis zu mehreren Jahren reichen kann, abgerufen und verarbeitet werden.<\/li>\n<\/ul>\n<p>Schlie\u00dflich gibt es eine weitere Klassifizierung mit f\u00fcnf Arten von Cookies nach dem Zweck, f\u00fcr den die abgerufenen Daten verarbeitet werden:<\/p>\n<ul>\n<li>Technische Cookies: Cookies, die dem Benutzer das Surfen durch eine Webseite, Plattform oder App und die Nutzung der einzelnen bestehenden Optionen oder Dienstleistungen erm\u00f6glichen, wie z. B. die Kontrolle des Verkehrs und der Datenkommunikation, die Kennzeichnung der Sitzung, das Zugreifen auf zugangsbeschr\u00e4nkte Bereiche, das Erinnern der Elemente einer Bestellung, das Durchf\u00fchren des Einkaufsprozesses einer Bestellung, der Antrag auf Eintragung oder Teilnahme an einer Veranstaltung, die Nutzung von Sicherheitselementen w\u00e4hrend des Surfens, das Speichern von Inhalten f\u00fcr die Weitergabe von Videos oder Audios oder das Teilen von Inhalten \u00fcber soziale Netzwerke.<\/li>\n<li>Personaliserungs-Cookies: Sie erlauben dem Benutzer den Zugang zu der Dienstleistung mit einigen allgemeinen nach einer Reihe von Kriterien im Endger\u00e4t des Nutzers vorgegebenen Merkmalen wie z. B. der Sprache, der Art von Browser, \u00fcber den der Nutzer auf die Dienstleistung zugreift, die regionale Einstellung, von der aus auf die Dienstleistung zugegriffen wird, u. a.<\/li>\n<li>Analyse-Cookies: Sie erm\u00f6glichen es dem Verantwortlichen, das Verhalten der Nutzer auf den Websites nachzuverfolgen und zu analysieren. Die \u00fcber diese Art von Cookies erfasste Information wird bei der Messung der Aktivit\u00e4t der Websites, App oder Plattform und zum Erstellen von Surfprofilen der Nutzer dieser Websites, Apps und Plattformen eingesetzt, um aufgrund der Auswertung der Daten \u00fcber die Nutzung der Benutzer der Dienstleistung Verbesserungen einzuf\u00fchren.<\/li>\n<li>Werbe-Cookies: Sie erm\u00f6glichen die m\u00f6glichst effiziente Verwaltung der Werbefl\u00e4chen.<\/li>\n<li>Verhaltensbasierte Werbe-Cookies: Sie speichern Informationen \u00fcber das Nutzerverhalten, die durch die kontinuierliche Beobachtung ihrer Surfgewohnheiten gewonnen werden. Dies erm\u00f6glicht das Anlegen eines spezifischen Profils, um entsprechend darauf abgestimmte Werbung anzuzeigen.<\/li>\n<li>Externe Cookies sozialer Netzwerke: Sie werden verwendet, damit Besucher mit den Inhalten verschiedener sozialer Plattformen (Facebook, YouTube, Twitter, LinkedIn usw.) interagieren k\u00f6nnen, und werden nur f\u00fcr Nutzer dieser sozialen Netzwerke generiert. Die Bedingungen f\u00fcr die Verwendung dieser Cookies und der erfassten Informationen werden durch die Datenschutzbestimmungen der entsprechenden sozialen Plattform geregelt.<\/li>\n<\/ul>\n<h3><b>Deaktivieren und L\u00f6schen von Cookies<\/b><\/h3>\n<p>Sie k\u00f6nnen die auf Ihrem Computer installierten Cookies zulassen, blockieren oder l\u00f6schen, indem Sie Ihre Optionen des auf Ihrem Ger\u00e4t installierten Internet-Browsers konfigurieren. Durch die Deaktivierung von Cookies kann es sein, dass einige der verf\u00fcgbaren Dienste nicht mehr funktionieren. Das Deaktivieren der Cookies ist von Browser zu Browser unterschiedlich, kann aber in der Regel \u00fcber das Men\u00fc \u201eExtras\u201c oder \u201eOptionen\u201c vorgenommen werden. Genauere Anweisungen finden Sie auch im Hilfe-Men\u00fc des Browsers. Der Nutzer kann jederzeit w\u00e4hlen, welche Cookies er auf dieser Website zulassen m\u00f6chte.<\/p>\n<p>Sie k\u00f6nnen die auf Ihrem Computer installierten Cookies zulassen, blockieren oder l\u00f6schen, indem Sie Ihre Optionen des auf Ihrem Computer installierten Internet-Browsers konfigurieren.<\/p>\n<ul>\n<li>Microsoft Internet Explorer oder Microsoft Edge: http:\/\/windows.microsoft.com\/es-es\/windows-vista\/Block-or-allow-cookies<\/li>\n<li>Mozilla Firefox: http:\/\/support.mozilla.org\/es\/kb\/impedir-que-los-sitios-web-guarden-sus-preferencia<\/li>\n<li>Chrome: https:\/\/support.google.com\/accounts\/answer\/61416?hl=es<\/li>\n<li>Safari: http:\/\/safari.helpmax.net\/es\/privacidad-y-seguridad\/como-gestionar-las-cookies\/<\/li>\n<li>Opera: http:\/\/help.opera.com\/Linux\/10.60\/es-ES\/cookies.html<\/li>\n<\/ul>\n<p>Au\u00dferdem k\u00f6nnen Sie das Speichern von Cookies in Ihrem Browser \u00fcber Tools wie die folgenden einstellen:<\/p>\n<ul>\n<li>Ghostery: www.ghostery.com\/<\/li>\n<li>\u00a0Your online choices: www.youronlinechoices.com\/es\/<\/li>\n<\/ul>\n<h3><b>Auf www.emkamf.es verwendete Cookies<\/b><\/h3>\n<p><span class=\"VIiyi\" lang=\"de\"><span class=\"JLqJ4b ChMk0b\" data-language-for-alternatives=\"de\" data-language-to-translate-into=\"es\" data-phrase-index=\"0\" data-number-of-phrases=\"4\">Diese Website verwendet keine Cookies und erhebt oder \u00fcbermittelt ohne deren Wissen keine personenbezogenen Daten der Nutzer.<\/span> <span class=\"JLqJ4b ChMk0b\" data-language-for-alternatives=\"de\" data-language-to-translate-into=\"es\" data-phrase-index=\"1\" data-number-of-phrases=\"4\">Es sammelt keine Benutzer-Browsing-Daten.<\/span> <span class=\"JLqJ4b ChMk0b\" data-language-for-alternatives=\"de\" data-language-to-translate-into=\"es\" data-phrase-index=\"3\" data-number-of-phrases=\"4\">Die Cookies, die in Zukunft in diesem Portal verwendet werden k\u00f6nnten, die jedoch derzeit nicht verwendet werden, sind nachfolgend gekennzeichnet:<\/span><\/span><\/p>\n<ul>\n<li>youtube<\/li>\n<li>google maps<\/li>\n<\/ul>\n<h3><b><span class=\"VIiyi\" lang=\"de\"><span class=\"JLqJ4b ChMk0b\" data-language-for-alternatives=\"de\" data-language-to-translate-into=\"es\" data-phrase-index=\"0\" data-number-of-phrases=\"1\">Verstehen<\/span><\/span> der Cookie-Richtlinie<\/b><\/h3>\n<p><span class=\"VIiyi\" lang=\"de\"><span class=\"JLqJ4b ChMk0b\" data-language-for-alternatives=\"de\" data-language-to-translate-into=\"es\" data-phrase-index=\"0\" data-number-of-phrases=\"1\">www.emkamf.es geht davon aus, dass Sie die Verwendung von Cookies verstehen.<\/span><\/span> Im unteren Teil jeder Seite des Portals werden jedoch bei jedem Sitzungsstart Informationen \u00fcber ihre Cookies-Politik angezeigt, damit Sie sich dieser bewusst sind.<\/p>\n<p>Bez\u00fcglich dieser Informationen k\u00f6nnen Sie Folgendes unternehmen:<\/p>\n<ul>\n<li><span class=\"VIiyi\" lang=\"de\"><span class=\"JLqJ4b ChMk0b\" data-language-for-alternatives=\"de\" data-language-to-translate-into=\"es\" data-phrase-index=\"0\" data-number-of-phrases=\"1\">Cookies verstehen.<\/span><\/span> Die Meldung wird w\u00e4hrend der laufenden Sitzung nie mehr beim Zugriff auf Seiten des<\/li>\n<\/ul>\n<p>Portals angezeigt.<\/p>\n<ul>\n<li>Ihre Einstellungen \u00e4ndern. <span class=\"VIiyi\" lang=\"de\"><span class=\"JLqJ4b ChMk0b\" data-language-for-alternatives=\"de\" data-language-to-translate-into=\"es\" data-phrase-index=\"0\" data-number-of-phrases=\"1\">Mit den Informationen, die wir zur Verf\u00fcgung stellen, um dies in den verschiedenen Browsern zu tun.<\/span><\/span><\/li>\n<\/ul>\n<\/div><\/div><style type=\"text\/css\">.fusion-body .fusion-builder-column-1{width:100% !important;margin-top : 0px;margin-bottom : 20px;}.fusion-builder-column-1 > .fusion-column-wrapper {padding-top : 4% !important;padding-right : 0px !important;margin-right : 1.92%;padding-bottom : 0px !important;padding-left : 0px !important;margin-left : 1.92%;}@media only screen and (max-width:800px) {.fusion-body .fusion-builder-column-1{width:100% !important;order : 0;}.fusion-builder-column-1 > .fusion-column-wrapper {margin-right : 1.92%;margin-left : 1.92%;}}@media only screen and (max-width:640px) {.fusion-body .fusion-builder-column-1{width:100% !important;order : 0;}.fusion-builder-column-1 > .fusion-column-wrapper {margin-right : 1.92%;margin-left : 1.92%;}}<\/style><\/div><\/div><style type=\"text\/css\">.fusion-body .fusion-flex-container.fusion-builder-row-2{ padding-top : 0px;margin-top : 0px;padding-right : 0px;padding-bottom : 0px;margin-bottom : 0px;padding-left : 0px;}<\/style><\/div><\/p>\n","protected":false},"excerpt":{"rendered":"","protected":false},"author":1,"featured_media":0,"parent":0,"menu_order":0,"comment_status":"closed","ping_status":"closed","template":"100-width.php","meta":{"footnotes":""},"class_list":["post-2367","page","type-page","status-publish","hentry"],"yoast_head":"<!-- This site is optimized with the Yoast SEO plugin v27.4 - https:\/\/yoast.com\/product\/yoast-seo-wordpress\/ -->\n<title>COOKIES-POLITIK - EMKA<\/title>\n<meta name=\"robots\" content=\"index, follow, max-snippet:-1, max-image-preview:large, max-video-preview:-1\" \/>\n<link rel=\"canonical\" href=\"https:\/\/emkamf.es\/DE\/cookies-politik\/\" \/>\n<meta property=\"og:locale\" content=\"es_ES\" \/>\n<meta property=\"og:type\" content=\"article\" \/>\n<meta property=\"og:title\" content=\"COOKIES-POLITIK - EMKA\" \/>\n<meta property=\"og:url\" content=\"https:\/\/emkamf.es\/DE\/cookies-politik\/\" \/>\n<meta property=\"og:site_name\" content=\"EMKA\" \/>\n<meta property=\"article:modified_time\" content=\"2021-10-26T10:57:49+00:00\" \/>\n<meta name=\"twitter:card\" content=\"summary_large_image\" \/>\n<meta name=\"twitter:label1\" content=\"Tiempo de lectura\" \/>\n\t<meta name=\"twitter:data1\" content=\"2 minutos\" \/>\n<script type=\"application\/ld+json\" class=\"yoast-schema-graph\">{\"@context\":\"https:\\\/\\\/schema.org\",\"@graph\":[{\"@type\":\"WebPage\",\"@id\":\"https:\\\/\\\/emkamf.es\\\/DE\\\/cookies-politik\\\/\",\"url\":\"https:\\\/\\\/emkamf.es\\\/DE\\\/cookies-politik\\\/\",\"name\":\"COOKIES-POLITIK - EMKA\",\"isPartOf\":{\"@id\":\"https:\\\/\\\/emkamf.es\\\/DE\\\/#website\"},\"datePublished\":\"2021-07-29T16:12:24+00:00\",\"dateModified\":\"2021-10-26T10:57:49+00:00\",\"breadcrumb\":{\"@id\":\"https:\\\/\\\/emkamf.es\\\/DE\\\/cookies-politik\\\/#breadcrumb\"},\"inLanguage\":\"es\",\"potentialAction\":[{\"@type\":\"ReadAction\",\"target\":[\"https:\\\/\\\/emkamf.es\\\/DE\\\/cookies-politik\\\/\"]}]},{\"@type\":\"BreadcrumbList\",\"@id\":\"https:\\\/\\\/emkamf.es\\\/DE\\\/cookies-politik\\\/#breadcrumb\",\"itemListElement\":[{\"@type\":\"ListItem\",\"position\":1,\"name\":\"Home\",\"item\":\"https:\\\/\\\/emkamf.es\\\/DE\\\/\"},{\"@type\":\"ListItem\",\"position\":2,\"name\":\"COOKIES-POLITIK\"}]},{\"@type\":\"WebSite\",\"@id\":\"https:\\\/\\\/emkamf.es\\\/DE\\\/#website\",\"url\":\"https:\\\/\\\/emkamf.es\\\/DE\\\/\",\"name\":\"EMKA\",\"description\":\"Consultor\u00eda T\u00e9cnica, Log\u00edstica y transporte\",\"potentialAction\":[{\"@type\":\"SearchAction\",\"target\":{\"@type\":\"EntryPoint\",\"urlTemplate\":\"https:\\\/\\\/emkamf.es\\\/DE\\\/?s={search_term_string}\"},\"query-input\":{\"@type\":\"PropertyValueSpecification\",\"valueRequired\":true,\"valueName\":\"search_term_string\"}}],\"inLanguage\":\"es\"}]}<\/script>\n<!-- \/ Yoast SEO plugin. -->","yoast_head_json":{"title":"COOKIES-POLITIK - EMKA","robots":{"index":"index","follow":"follow","max-snippet":"max-snippet:-1","max-image-preview":"max-image-preview:large","max-video-preview":"max-video-preview:-1"},"canonical":"https:\/\/emkamf.es\/DE\/cookies-politik\/","og_locale":"es_ES","og_type":"article","og_title":"COOKIES-POLITIK - EMKA","og_url":"https:\/\/emkamf.es\/DE\/cookies-politik\/","og_site_name":"EMKA","article_modified_time":"2021-10-26T10:57:49+00:00","twitter_card":"summary_large_image","twitter_misc":{"Tiempo de lectura":"2 minutos"},"schema":{"@context":"https:\/\/schema.org","@graph":[{"@type":"WebPage","@id":"https:\/\/emkamf.es\/DE\/cookies-politik\/","url":"https:\/\/emkamf.es\/DE\/cookies-politik\/","name":"COOKIES-POLITIK - EMKA","isPartOf":{"@id":"https:\/\/emkamf.es\/DE\/#website"},"datePublished":"2021-07-29T16:12:24+00:00","dateModified":"2021-10-26T10:57:49+00:00","breadcrumb":{"@id":"https:\/\/emkamf.es\/DE\/cookies-politik\/#breadcrumb"},"inLanguage":"es","potentialAction":[{"@type":"ReadAction","target":["https:\/\/emkamf.es\/DE\/cookies-politik\/"]}]},{"@type":"BreadcrumbList","@id":"https:\/\/emkamf.es\/DE\/cookies-politik\/#breadcrumb","itemListElement":[{"@type":"ListItem","position":1,"name":"Home","item":"https:\/\/emkamf.es\/DE\/"},{"@type":"ListItem","position":2,"name":"COOKIES-POLITIK"}]},{"@type":"WebSite","@id":"https:\/\/emkamf.es\/DE\/#website","url":"https:\/\/emkamf.es\/DE\/","name":"EMKA","description":"Consultor\u00eda T\u00e9cnica, Log\u00edstica y transporte","potentialAction":[{"@type":"SearchAction","target":{"@type":"EntryPoint","urlTemplate":"https:\/\/emkamf.es\/DE\/?s={search_term_string}"},"query-input":{"@type":"PropertyValueSpecification","valueRequired":true,"valueName":"search_term_string"}}],"inLanguage":"es"}]}},"_links":{"self":[{"href":"https:\/\/emkamf.es\/DE\/wp-json\/wp\/v2\/pages\/2367","targetHints":{"allow":["GET"]}}],"collection":[{"href":"https:\/\/emkamf.es\/DE\/wp-json\/wp\/v2\/pages"}],"about":[{"href":"https:\/\/emkamf.es\/DE\/wp-json\/wp\/v2\/types\/page"}],"author":[{"embeddable":true,"href":"https:\/\/emkamf.es\/DE\/wp-json\/wp\/v2\/users\/1"}],"replies":[{"embeddable":true,"href":"https:\/\/emkamf.es\/DE\/wp-json\/wp\/v2\/comments?post=2367"}],"version-history":[{"count":29,"href":"https:\/\/emkamf.es\/DE\/wp-json\/wp\/v2\/pages\/2367\/revisions"}],"predecessor-version":[{"id":2741,"href":"https:\/\/emkamf.es\/DE\/wp-json\/wp\/v2\/pages\/2367\/revisions\/2741"}],"wp:attachment":[{"href":"https:\/\/emkamf.es\/DE\/wp-json\/wp\/v2\/media?parent=2367"}],"curies":[{"name":"wp","href":"https:\/\/api.w.org\/{rel}","templated":true}]}}